{"id":819,"date":"2023-07-16T18:43:37","date_gmt":"2023-07-16T16:43:37","guid":{"rendered":"https:\/\/www.ivoprojekt.com\/?page_id=819"},"modified":"2023-08-18T09:32:18","modified_gmt":"2023-08-18T07:32:18","slug":"sprzedaz-4","status":"publish","type":"page","link":"https:\/\/www.ivoprojekt.com\/?page_id=819","title":{"rendered":"Sprzeda\u017c 4"},"content":{"rendered":"\t\t<div data-elementor-type=\"wp-page\" data-elementor-id=\"819\" class=\"elementor elementor-819\">\n\t\t\t\t\t\t<section class=\"elementor-section elementor-top-section elementor-element elementor-element-dadd9fc elementor-section-boxed elementor-section-height-default elementor-section-height-default\" data-id=\"dadd9fc\" data-element_type=\"section\">\n\t\t\t\t\t\t<div class=\"elementor-container elementor-column-gap-default\">\n\t\t\t\t\t<div class=\"elementor-column elementor-col-100 elementor-top-column elementor-element elementor-element-1ad1fbf\" data-id=\"1ad1fbf\" data-element_type=\"column\">\n\t\t\t<div class=\"elementor-widget-wrap elementor-element-populated\">\n\t\t\t\t\t\t<div class=\"elementor-element elementor-element-5fdd62d elementor-widget elementor-widget-image\" data-id=\"5fdd62d\" data-element_type=\"widget\" data-widget_type=\"image.default\">\n\t\t\t\t<div class=\"elementor-widget-container\">\n\t\t\t<style>\/*! elementor - v3.22.0 - 26-06-2024 *\/\n.elementor-widget-image{text-align:center}.elementor-widget-image a{display:inline-block}.elementor-widget-image a img[src$=\".svg\"]{width:48px}.elementor-widget-image img{vertical-align:middle;display:inline-block}<\/style>\t\t\t\t\t\t\t\t\t\t<img fetchpriority=\"high\" decoding=\"async\" width=\"1536\" height=\"1210\" src=\"https:\/\/www.ivoprojekt.com\/wp-content\/uploads\/2023\/07\/1kfrank-1536x1210.jpg\" class=\"attachment-1536x1536 size-1536x1536 wp-image-831\" alt=\"\" srcset=\"https:\/\/www.ivoprojekt.com\/wp-content\/uploads\/2023\/07\/1kfrank-1536x1210.jpg 1536w, https:\/\/www.ivoprojekt.com\/wp-content\/uploads\/2023\/07\/1kfrank-300x236.jpg 300w, https:\/\/www.ivoprojekt.com\/wp-content\/uploads\/2023\/07\/1kfrank-1024x807.jpg 1024w, https:\/\/www.ivoprojekt.com\/wp-content\/uploads\/2023\/07\/1kfrank-768x605.jpg 768w, https:\/\/www.ivoprojekt.com\/wp-content\/uploads\/2023\/07\/1kfrank-2048x1614.jpg 2048w, https:\/\/www.ivoprojekt.com\/wp-content\/uploads\/2023\/07\/1kfrank-1000x788.jpg 1000w, https:\/\/www.ivoprojekt.com\/wp-content\/uploads\/2023\/07\/1kfrank-230x181.jpg 230w, https:\/\/www.ivoprojekt.com\/wp-content\/uploads\/2023\/07\/1kfrank-350x276.jpg 350w, https:\/\/www.ivoprojekt.com\/wp-content\/uploads\/2023\/07\/1kfrank-480x378.jpg 480w\" sizes=\"(max-width: 1536px) 100vw, 1536px\" \/>\t\t\t\t\t\t\t\t\t\t\t\t\t<\/div>\n\t\t\t\t<\/div>\n\t\t\t\t<div class=\"elementor-element elementor-element-14b03f2 elementor-widget elementor-widget-image\" data-id=\"14b03f2\" data-element_type=\"widget\" data-widget_type=\"image.default\">\n\t\t\t\t<div class=\"elementor-widget-container\">\n\t\t\t\t\t\t\t\t\t\t\t\t\t<img decoding=\"async\" width=\"1536\" height=\"886\" src=\"https:\/\/www.ivoprojekt.com\/wp-content\/uploads\/2023\/07\/2kfrank-1536x886.jpg\" class=\"attachment-1536x1536 size-1536x1536 wp-image-832\" alt=\"\" srcset=\"https:\/\/www.ivoprojekt.com\/wp-content\/uploads\/2023\/07\/2kfrank-1536x886.jpg 1536w, https:\/\/www.ivoprojekt.com\/wp-content\/uploads\/2023\/07\/2kfrank-300x173.jpg 300w, https:\/\/www.ivoprojekt.com\/wp-content\/uploads\/2023\/07\/2kfrank-1024x591.jpg 1024w, https:\/\/www.ivoprojekt.com\/wp-content\/uploads\/2023\/07\/2kfrank-768x443.jpg 768w, https:\/\/www.ivoprojekt.com\/wp-content\/uploads\/2023\/07\/2kfrank-2048x1182.jpg 2048w, https:\/\/www.ivoprojekt.com\/wp-content\/uploads\/2023\/07\/2kfrank-1000x577.jpg 1000w, https:\/\/www.ivoprojekt.com\/wp-content\/uploads\/2023\/07\/2kfrank-230x133.jpg 230w, https:\/\/www.ivoprojekt.com\/wp-content\/uploads\/2023\/07\/2kfrank-350x202.jpg 350w, https:\/\/www.ivoprojekt.com\/wp-content\/uploads\/2023\/07\/2kfrank-480x277.jpg 480w\" sizes=\"(max-width: 1536px) 100vw, 1536px\" \/>\t\t\t\t\t\t\t\t\t\t\t\t\t<\/div>\n\t\t\t\t<\/div>\n\t\t\t\t<div class=\"elementor-element elementor-element-7982c26 elementor-widget elementor-widget-image\" data-id=\"7982c26\" data-element_type=\"widget\" data-widget_type=\"image.default\">\n\t\t\t\t<div class=\"elementor-widget-container\">\n\t\t\t\t\t\t\t\t\t\t\t\t\t<img decoding=\"async\" width=\"1536\" height=\"798\" src=\"https:\/\/www.ivoprojekt.com\/wp-content\/uploads\/2023\/07\/3kfrank-1536x798.jpg\" class=\"attachment-1536x1536 size-1536x1536 wp-image-833\" alt=\"\" srcset=\"https:\/\/www.ivoprojekt.com\/wp-content\/uploads\/2023\/07\/3kfrank-1536x798.jpg 1536w, https:\/\/www.ivoprojekt.com\/wp-content\/uploads\/2023\/07\/3kfrank-300x156.jpg 300w, https:\/\/www.ivoprojekt.com\/wp-content\/uploads\/2023\/07\/3kfrank-1024x532.jpg 1024w, https:\/\/www.ivoprojekt.com\/wp-content\/uploads\/2023\/07\/3kfrank-768x399.jpg 768w, https:\/\/www.ivoprojekt.com\/wp-content\/uploads\/2023\/07\/3kfrank-2048x1064.jpg 2048w, https:\/\/www.ivoprojekt.com\/wp-content\/uploads\/2023\/07\/3kfrank-1000x520.jpg 1000w, https:\/\/www.ivoprojekt.com\/wp-content\/uploads\/2023\/07\/3kfrank-230x119.jpg 230w, https:\/\/www.ivoprojekt.com\/wp-content\/uploads\/2023\/07\/3kfrank-350x182.jpg 350w, https:\/\/www.ivoprojekt.com\/wp-content\/uploads\/2023\/07\/3kfrank-480x249.jpg 480w\" sizes=\"(max-width: 1536px) 100vw, 1536px\" \/>\t\t\t\t\t\t\t\t\t\t\t\t\t<\/div>\n\t\t\t\t<\/div>\n\t\t\t\t<div class=\"elementor-element elementor-element-9f1289d elementor-widget elementor-widget-image\" data-id=\"9f1289d\" data-element_type=\"widget\" data-widget_type=\"image.default\">\n\t\t\t\t<div class=\"elementor-widget-container\">\n\t\t\t\t\t\t\t\t\t\t\t\t\t<img loading=\"lazy\" decoding=\"async\" width=\"1536\" height=\"861\" src=\"https:\/\/www.ivoprojekt.com\/wp-content\/uploads\/2023\/07\/gk-1-1536x861.jpg\" class=\"attachment-1536x1536 size-1536x1536 wp-image-1095\" alt=\"\" srcset=\"https:\/\/www.ivoprojekt.com\/wp-content\/uploads\/2023\/07\/gk-1-1536x861.jpg 1536w, https:\/\/www.ivoprojekt.com\/wp-content\/uploads\/2023\/07\/gk-1-300x168.jpg 300w, https:\/\/www.ivoprojekt.com\/wp-content\/uploads\/2023\/07\/gk-1-1024x574.jpg 1024w, https:\/\/www.ivoprojekt.com\/wp-content\/uploads\/2023\/07\/gk-1-768x431.jpg 768w, https:\/\/www.ivoprojekt.com\/wp-content\/uploads\/2023\/07\/gk-1-2048x1148.jpg 2048w, https:\/\/www.ivoprojekt.com\/wp-content\/uploads\/2023\/07\/gk-1-1000x561.jpg 1000w, https:\/\/www.ivoprojekt.com\/wp-content\/uploads\/2023\/07\/gk-1-230x129.jpg 230w, https:\/\/www.ivoprojekt.com\/wp-content\/uploads\/2023\/07\/gk-1-350x196.jpg 350w, https:\/\/www.ivoprojekt.com\/wp-content\/uploads\/2023\/07\/gk-1-480x269.jpg 480w\" sizes=\"(max-width: 1536px) 100vw, 1536px\" \/>\t\t\t\t\t\t\t\t\t\t\t\t\t<\/div>\n\t\t\t\t<\/div>\n\t\t\t\t<div class=\"elementor-element elementor-element-9337082 elementor-widget elementor-widget-image\" data-id=\"9337082\" data-element_type=\"widget\" data-widget_type=\"image.default\">\n\t\t\t\t<div class=\"elementor-widget-container\">\n\t\t\t\t\t\t\t\t\t\t\t\t\t<img loading=\"lazy\" decoding=\"async\" width=\"1536\" height=\"864\" src=\"https:\/\/www.ivoprojekt.com\/wp-content\/uploads\/2023\/07\/5kfrank-1-1536x864.jpg\" class=\"attachment-1536x1536 size-1536x1536 wp-image-839\" alt=\"\" srcset=\"https:\/\/www.ivoprojekt.com\/wp-content\/uploads\/2023\/07\/5kfrank-1-1536x864.jpg 1536w, https:\/\/www.ivoprojekt.com\/wp-content\/uploads\/2023\/07\/5kfrank-1-300x169.jpg 300w, https:\/\/www.ivoprojekt.com\/wp-content\/uploads\/2023\/07\/5kfrank-1-1024x576.jpg 1024w, https:\/\/www.ivoprojekt.com\/wp-content\/uploads\/2023\/07\/5kfrank-1-768x432.jpg 768w, https:\/\/www.ivoprojekt.com\/wp-content\/uploads\/2023\/07\/5kfrank-1-2048x1152.jpg 2048w, https:\/\/www.ivoprojekt.com\/wp-content\/uploads\/2023\/07\/5kfrank-1-1000x563.jpg 1000w, https:\/\/www.ivoprojekt.com\/wp-content\/uploads\/2023\/07\/5kfrank-1-230x129.jpg 230w, https:\/\/www.ivoprojekt.com\/wp-content\/uploads\/2023\/07\/5kfrank-1-350x197.jpg 350w, https:\/\/www.ivoprojekt.com\/wp-content\/uploads\/2023\/07\/5kfrank-1-480x270.jpg 480w\" sizes=\"(max-width: 1536px) 100vw, 1536px\" \/>\t\t\t\t\t\t\t\t\t\t\t\t\t<\/div>\n\t\t\t\t<\/div>\n\t\t\t\t\t<\/div>\n\t\t<\/div>\n\t\t\t\t\t<\/div>\n\t\t<\/section>\n\t\t\t\t<section class=\"elementor-section elementor-top-section elementor-element elementor-element-42ce005 elementor-section-boxed elementor-section-height-default elementor-section-height-default\" data-id=\"42ce005\" data-element_type=\"section\">\n\t\t\t\t\t\t<div class=\"elementor-container elementor-column-gap-default\">\n\t\t\t\t\t<div class=\"elementor-column elementor-col-100 elementor-top-column elementor-element elementor-element-1b59e48\" data-id=\"1b59e48\" data-element_type=\"column\">\n\t\t\t<div class=\"elementor-widget-wrap elementor-element-populated\">\n\t\t\t\t\t\t<div class=\"elementor-element elementor-element-bf3dddc elementor-widget elementor-widget-image\" data-id=\"bf3dddc\" data-element_type=\"widget\" data-widget_type=\"image.default\">\n\t\t\t\t<div class=\"elementor-widget-container\">\n\t\t\t\t\t\t\t\t\t\t\t\t\t<img loading=\"lazy\" decoding=\"async\" width=\"1536\" height=\"1077\" src=\"https:\/\/www.ivoprojekt.com\/wp-content\/uploads\/2023\/07\/5-4-1536x1077.jpg\" class=\"attachment-1536x1536 size-1536x1536 wp-image-897\" alt=\"\" srcset=\"https:\/\/www.ivoprojekt.com\/wp-content\/uploads\/2023\/07\/5-4-1536x1077.jpg 1536w, https:\/\/www.ivoprojekt.com\/wp-content\/uploads\/2023\/07\/5-4-300x210.jpg 300w, https:\/\/www.ivoprojekt.com\/wp-content\/uploads\/2023\/07\/5-4-1024x718.jpg 1024w, https:\/\/www.ivoprojekt.com\/wp-content\/uploads\/2023\/07\/5-4-768x539.jpg 768w, https:\/\/www.ivoprojekt.com\/wp-content\/uploads\/2023\/07\/5-4-2048x1436.jpg 2048w, https:\/\/www.ivoprojekt.com\/wp-content\/uploads\/2023\/07\/5-4-1000x701.jpg 1000w, https:\/\/www.ivoprojekt.com\/wp-content\/uploads\/2023\/07\/5-4-230x161.jpg 230w, https:\/\/www.ivoprojekt.com\/wp-content\/uploads\/2023\/07\/5-4-350x245.jpg 350w, https:\/\/www.ivoprojekt.com\/wp-content\/uploads\/2023\/07\/5-4-480x337.jpg 480w\" sizes=\"(max-width: 1536px) 100vw, 1536px\" \/>\t\t\t\t\t\t\t\t\t\t\t\t\t<\/div>\n\t\t\t\t<\/div>\n\t\t\t\t\t<\/div>\n\t\t<\/div>\n\t\t\t\t\t<\/div>\n\t\t<\/section>\n\t\t\t\t<section class=\"elementor-section elementor-top-section elementor-element elementor-element-70d045a elementor-section-boxed elementor-section-height-default elementor-section-height-default\" data-id=\"70d045a\" data-element_type=\"section\">\n\t\t\t\t\t\t<div class=\"elementor-container elementor-column-gap-default\">\n\t\t\t\t\t<div class=\"elementor-column elementor-col-100 elementor-top-column elementor-element elementor-element-cab38b6\" data-id=\"cab38b6\" data-element_type=\"column\">\n\t\t\t<div class=\"elementor-widget-wrap elementor-element-populated\">\n\t\t\t\t\t\t<div class=\"elementor-element elementor-element-21df9b0 elementor-widget elementor-widget-text-editor\" data-id=\"21df9b0\" data-element_type=\"widget\" data-widget_type=\"text-editor.default\">\n\t\t\t\t<div class=\"elementor-widget-container\">\n\t\t\t<style>\/*! elementor - v3.22.0 - 26-06-2024 *\/\n.elementor-widget-text-editor.elementor-drop-cap-view-stacked .elementor-drop-cap{background-color:#69727d;color:#fff}.elementor-widget-text-editor.elementor-drop-cap-view-framed .elementor-drop-cap{color:#69727d;border:3px solid;background-color:transparent}.elementor-widget-text-editor:not(.elementor-drop-cap-view-default) .elementor-drop-cap{margin-top:8px}.elementor-widget-text-editor:not(.elementor-drop-cap-view-default) .elementor-drop-cap-letter{width:1em;height:1em}.elementor-widget-text-editor .elementor-drop-cap{float:left;text-align:center;line-height:1;font-size:50px}.elementor-widget-text-editor .elementor-drop-cap-letter{display:inline-block}<\/style>\t\t\t\t<p><strong>FRANK<\/strong><\/p>\n<p><strong>Biurko \u015bcienne<\/strong><\/p>\n<p><strong>MDF lakierowany, kolor bia\u0142y per\u0142owy po\u0142ysk<\/strong><\/p>\n<p><strong>P\u00f3\u0142ka na ksi\u0105\u017cki + odtwarzacz bluetooth + rozmowy + o\u015bwietlenie<\/strong><\/p>\n<p><strong>Blat + dwie pojemne szuflady + dwa gniazda zasilaj\u0105ce pod blatem <\/strong><\/p>\n<p><strong>cena 10 800 z\u0142<\/strong><\/p>\n<p><strong>Pojedyncze egzemplarze <\/strong><\/p>\n<p><\/p>\n<p><strong>Pomys\u0142 i wykonanie Ivo Projekt<\/strong><\/p>\n<p><strong>&nbsp;<\/strong><\/p>\n<p><\/p>\n<p><strong>Odbi\u00f3r osobisty we Wroc\u0142awiu, mo\u017cliwy transport w granicach miasta<\/strong><\/p>\n<p><strong>Mo\u017cliwo\u015b\u0107 prezentacji \u2013 <\/strong><strong><a href=\"https:\/\/www.ivoprojekt.com\/?page_id=50\"><span style=\"color: #ff0066;\">kontakt<\/span><\/a><\/strong><\/p>\t\t\t\t\t\t<\/div>\n\t\t\t\t<\/div>\n\t\t\t\t\t<\/div>\n\t\t<\/div>\n\t\t\t\t\t<\/div>\n\t\t<\/section>\n\t\t\t\t<\/div>\n\t\t","protected":false},"excerpt":{"rendered":"<p>FRANK Biurko \u015bcienne MDF lakierowany, kolor bia\u0142y per\u0142owy po\u0142ysk P\u00f3\u0142ka na ksi\u0105\u017cki + odtwarzacz bluetooth + rozmowy + o\u015bwietlenie Blat + dwie [&hellip;]<\/p>\n","protected":false},"author":1,"featured_media":0,"parent":0,"menu_order":0,"comment_status":"closed","ping_status":"closed","template":"elementor_header_footer","meta":{"ngg_post_thumbnail":0,"footnotes":""},"class_list":["post-819","page","type-page","status-publish","hentry"],"_links":{"self":[{"href":"https:\/\/www.ivoprojekt.com\/index.php?rest_route=\/wp\/v2\/pages\/819","targetHints":{"allow":["GET"]}}],"collection":[{"href":"https:\/\/www.ivoprojekt.com\/index.php?rest_route=\/wp\/v2\/pages"}],"about":[{"href":"https:\/\/www.ivoprojekt.com\/index.php?rest_route=\/wp\/v2\/types\/page"}],"author":[{"embeddable":true,"href":"https:\/\/www.ivoprojekt.com\/index.php?rest_route=\/wp\/v2\/users\/1"}],"replies":[{"embeddable":true,"href":"https:\/\/www.ivoprojekt.com\/index.php?rest_route=%2Fwp%2Fv2%2Fcomments&post=819"}],"version-history":[{"count":61,"href":"https:\/\/www.ivoprojekt.com\/index.php?rest_route=\/wp\/v2\/pages\/819\/revisions"}],"predecessor-version":[{"id":1167,"href":"https:\/\/www.ivoprojekt.com\/index.php?rest_route=\/wp\/v2\/pages\/819\/revisions\/1167"}],"wp:attachment":[{"href":"https:\/\/www.ivoprojekt.com\/index.php?rest_route=%2Fwp%2Fv2%2Fmedia&parent=819"}],"curies":[{"name":"wp","href":"https:\/\/api.w.org\/{rel}","templated":true}]}}