{"id":641,"date":"2023-07-07T17:54:43","date_gmt":"2023-07-07T15:54:43","guid":{"rendered":"https:\/\/www.ivoprojekt.com\/?page_id=641"},"modified":"2023-08-06T12:23:22","modified_gmt":"2023-08-06T10:23:22","slug":"gp-szafka-vincent","status":"publish","type":"page","link":"https:\/\/www.ivoprojekt.com\/?page_id=641","title":{"rendered":"GP Szafka Vincent"},"content":{"rendered":"\t\t<div data-elementor-type=\"wp-page\" data-elementor-id=\"641\" class=\"elementor elementor-641\">\n\t\t\t\t\t\t<section class=\"elementor-section elementor-top-section elementor-element elementor-element-4372f47 elementor-section-boxed elementor-section-height-default elementor-section-height-default\" data-id=\"4372f47\" data-element_type=\"section\">\n\t\t\t\t\t\t<div class=\"elementor-container elementor-column-gap-default\">\n\t\t\t\t\t<div class=\"elementor-column elementor-col-100 elementor-top-column elementor-element elementor-element-de2e500\" data-id=\"de2e500\" data-element_type=\"column\">\n\t\t\t<div class=\"elementor-widget-wrap elementor-element-populated\">\n\t\t\t\t\t\t<div class=\"elementor-element elementor-element-b437035 elementor-widget elementor-widget-image\" data-id=\"b437035\" data-element_type=\"widget\" data-widget_type=\"image.default\">\n\t\t\t\t<div class=\"elementor-widget-container\">\n\t\t\t<style>\/*! elementor - v3.22.0 - 26-06-2024 *\/\n.elementor-widget-image{text-align:center}.elementor-widget-image a{display:inline-block}.elementor-widget-image a img[src$=\".svg\"]{width:48px}.elementor-widget-image img{vertical-align:middle;display:inline-block}<\/style>\t\t\t\t\t\t\t\t\t\t<img fetchpriority=\"high\" decoding=\"async\" width=\"1536\" height=\"724\" src=\"https:\/\/www.ivoprojekt.com\/wp-content\/uploads\/2023\/07\/1k-9-1536x724.jpg\" class=\"attachment-1536x1536 size-1536x1536 wp-image-652\" alt=\"\" srcset=\"https:\/\/www.ivoprojekt.com\/wp-content\/uploads\/2023\/07\/1k-9-1536x724.jpg 1536w, https:\/\/www.ivoprojekt.com\/wp-content\/uploads\/2023\/07\/1k-9-300x141.jpg 300w, https:\/\/www.ivoprojekt.com\/wp-content\/uploads\/2023\/07\/1k-9-1024x483.jpg 1024w, https:\/\/www.ivoprojekt.com\/wp-content\/uploads\/2023\/07\/1k-9-768x362.jpg 768w, https:\/\/www.ivoprojekt.com\/wp-content\/uploads\/2023\/07\/1k-9-2048x966.jpg 2048w, https:\/\/www.ivoprojekt.com\/wp-content\/uploads\/2023\/07\/1k-9-1000x471.jpg 1000w, https:\/\/www.ivoprojekt.com\/wp-content\/uploads\/2023\/07\/1k-9-230x108.jpg 230w, https:\/\/www.ivoprojekt.com\/wp-content\/uploads\/2023\/07\/1k-9-350x165.jpg 350w, https:\/\/www.ivoprojekt.com\/wp-content\/uploads\/2023\/07\/1k-9-480x226.jpg 480w\" sizes=\"(max-width: 1536px) 100vw, 1536px\" \/>\t\t\t\t\t\t\t\t\t\t\t\t\t<\/div>\n\t\t\t\t<\/div>\n\t\t\t\t<div class=\"elementor-element elementor-element-b14ee11 elementor-widget elementor-widget-image\" data-id=\"b14ee11\" data-element_type=\"widget\" data-widget_type=\"image.default\">\n\t\t\t\t<div class=\"elementor-widget-container\">\n\t\t\t\t\t\t\t\t\t\t\t\t\t<img decoding=\"async\" width=\"1536\" height=\"826\" src=\"https:\/\/www.ivoprojekt.com\/wp-content\/uploads\/2023\/07\/4k-7-1536x826.jpg\" class=\"attachment-1536x1536 size-1536x1536 wp-image-655\" alt=\"\" srcset=\"https:\/\/www.ivoprojekt.com\/wp-content\/uploads\/2023\/07\/4k-7-1536x826.jpg 1536w, https:\/\/www.ivoprojekt.com\/wp-content\/uploads\/2023\/07\/4k-7-300x161.jpg 300w, https:\/\/www.ivoprojekt.com\/wp-content\/uploads\/2023\/07\/4k-7-1024x550.jpg 1024w, https:\/\/www.ivoprojekt.com\/wp-content\/uploads\/2023\/07\/4k-7-768x413.jpg 768w, https:\/\/www.ivoprojekt.com\/wp-content\/uploads\/2023\/07\/4k-7-2048x1101.jpg 2048w, https:\/\/www.ivoprojekt.com\/wp-content\/uploads\/2023\/07\/4k-7-1000x538.jpg 1000w, https:\/\/www.ivoprojekt.com\/wp-content\/uploads\/2023\/07\/4k-7-230x124.jpg 230w, https:\/\/www.ivoprojekt.com\/wp-content\/uploads\/2023\/07\/4k-7-350x188.jpg 350w, https:\/\/www.ivoprojekt.com\/wp-content\/uploads\/2023\/07\/4k-7-480x258.jpg 480w\" sizes=\"(max-width: 1536px) 100vw, 1536px\" \/>\t\t\t\t\t\t\t\t\t\t\t\t\t<\/div>\n\t\t\t\t<\/div>\n\t\t\t\t<div class=\"elementor-element elementor-element-f09f2c1 elementor-widget elementor-widget-image\" data-id=\"f09f2c1\" data-element_type=\"widget\" data-widget_type=\"image.default\">\n\t\t\t\t<div class=\"elementor-widget-container\">\n\t\t\t\t\t\t\t\t\t\t\t\t\t<img decoding=\"async\" width=\"1536\" height=\"791\" src=\"https:\/\/www.ivoprojekt.com\/wp-content\/uploads\/2023\/07\/2k-9-1536x791.jpg\" class=\"attachment-1536x1536 size-1536x1536 wp-image-653\" alt=\"\" srcset=\"https:\/\/www.ivoprojekt.com\/wp-content\/uploads\/2023\/07\/2k-9-1536x791.jpg 1536w, https:\/\/www.ivoprojekt.com\/wp-content\/uploads\/2023\/07\/2k-9-300x155.jpg 300w, https:\/\/www.ivoprojekt.com\/wp-content\/uploads\/2023\/07\/2k-9-1024x528.jpg 1024w, https:\/\/www.ivoprojekt.com\/wp-content\/uploads\/2023\/07\/2k-9-768x396.jpg 768w, https:\/\/www.ivoprojekt.com\/wp-content\/uploads\/2023\/07\/2k-9-2048x1055.jpg 2048w, https:\/\/www.ivoprojekt.com\/wp-content\/uploads\/2023\/07\/2k-9-1000x515.jpg 1000w, https:\/\/www.ivoprojekt.com\/wp-content\/uploads\/2023\/07\/2k-9-230x119.jpg 230w, https:\/\/www.ivoprojekt.com\/wp-content\/uploads\/2023\/07\/2k-9-350x180.jpg 350w, https:\/\/www.ivoprojekt.com\/wp-content\/uploads\/2023\/07\/2k-9-480x247.jpg 480w\" sizes=\"(max-width: 1536px) 100vw, 1536px\" \/>\t\t\t\t\t\t\t\t\t\t\t\t\t<\/div>\n\t\t\t\t<\/div>\n\t\t\t\t<div class=\"elementor-element elementor-element-5d14c26 elementor-widget elementor-widget-image\" data-id=\"5d14c26\" data-element_type=\"widget\" data-widget_type=\"image.default\">\n\t\t\t\t<div class=\"elementor-widget-container\">\n\t\t\t\t\t\t\t\t\t\t\t\t\t<img loading=\"lazy\" decoding=\"async\" width=\"1536\" height=\"793\" src=\"https:\/\/www.ivoprojekt.com\/wp-content\/uploads\/2023\/07\/3k-9-1536x793.jpg\" class=\"attachment-1536x1536 size-1536x1536 wp-image-654\" alt=\"\" srcset=\"https:\/\/www.ivoprojekt.com\/wp-content\/uploads\/2023\/07\/3k-9-1536x793.jpg 1536w, https:\/\/www.ivoprojekt.com\/wp-content\/uploads\/2023\/07\/3k-9-300x155.jpg 300w, https:\/\/www.ivoprojekt.com\/wp-content\/uploads\/2023\/07\/3k-9-1024x528.jpg 1024w, https:\/\/www.ivoprojekt.com\/wp-content\/uploads\/2023\/07\/3k-9-768x396.jpg 768w, https:\/\/www.ivoprojekt.com\/wp-content\/uploads\/2023\/07\/3k-9-2048x1057.jpg 2048w, https:\/\/www.ivoprojekt.com\/wp-content\/uploads\/2023\/07\/3k-9-1000x516.jpg 1000w, https:\/\/www.ivoprojekt.com\/wp-content\/uploads\/2023\/07\/3k-9-230x119.jpg 230w, https:\/\/www.ivoprojekt.com\/wp-content\/uploads\/2023\/07\/3k-9-350x181.jpg 350w, https:\/\/www.ivoprojekt.com\/wp-content\/uploads\/2023\/07\/3k-9-480x248.jpg 480w\" sizes=\"(max-width: 1536px) 100vw, 1536px\" \/>\t\t\t\t\t\t\t\t\t\t\t\t\t<\/div>\n\t\t\t\t<\/div>\n\t\t\t\t\t<\/div>\n\t\t<\/div>\n\t\t\t\t\t<\/div>\n\t\t<\/section>\n\t\t\t\t<section class=\"elementor-section elementor-top-section elementor-element elementor-element-570e024 elementor-section-boxed elementor-section-height-default elementor-section-height-default\" data-id=\"570e024\" data-element_type=\"section\">\n\t\t\t\t\t\t<div class=\"elementor-container elementor-column-gap-default\">\n\t\t\t\t\t<div class=\"elementor-column elementor-col-100 elementor-top-column elementor-element elementor-element-9f23144\" data-id=\"9f23144\" data-element_type=\"column\">\n\t\t\t<div class=\"elementor-widget-wrap elementor-element-populated\">\n\t\t\t\t\t\t\t<\/div>\n\t\t<\/div>\n\t\t\t\t\t<\/div>\n\t\t<\/section>\n\t\t\t\t<section class=\"elementor-section elementor-top-section elementor-element elementor-element-b3bde7f elementor-section-boxed elementor-section-height-default elementor-section-height-default\" data-id=\"b3bde7f\" data-element_type=\"section\">\n\t\t\t\t\t\t<div class=\"elementor-container elementor-column-gap-default\">\n\t\t\t\t\t<div class=\"elementor-column elementor-col-100 elementor-top-column elementor-element elementor-element-94c563b\" data-id=\"94c563b\" data-element_type=\"column\">\n\t\t\t<div class=\"elementor-widget-wrap elementor-element-populated\">\n\t\t\t\t\t\t<div class=\"elementor-element elementor-element-02126d9 elementor-widget elementor-widget-text-editor\" data-id=\"02126d9\" data-element_type=\"widget\" data-widget_type=\"text-editor.default\">\n\t\t\t\t<div class=\"elementor-widget-container\">\n\t\t\t<style>\/*! elementor - v3.22.0 - 26-06-2024 *\/\n.elementor-widget-text-editor.elementor-drop-cap-view-stacked .elementor-drop-cap{background-color:#69727d;color:#fff}.elementor-widget-text-editor.elementor-drop-cap-view-framed .elementor-drop-cap{color:#69727d;border:3px solid;background-color:transparent}.elementor-widget-text-editor:not(.elementor-drop-cap-view-default) .elementor-drop-cap{margin-top:8px}.elementor-widget-text-editor:not(.elementor-drop-cap-view-default) .elementor-drop-cap-letter{width:1em;height:1em}.elementor-widget-text-editor .elementor-drop-cap{float:left;text-align:center;line-height:1;font-size:50px}.elementor-widget-text-editor .elementor-drop-cap-letter{display:inline-block}<\/style>\t\t\t\t<p><strong>VINCENT efektowna szafka \u015bcienna<\/strong><\/p><p><strong>Reprodukcja znanego dzie\u0142a na froncie szafki z pewno\u015bci\u0105 przyci\u0105gnie wzrok i ozdobi ka\u017cde wn\u0119trze. Szafka sprawdzi si\u0119 w salonie, pokoju, gabinecie, biurze, sypialni dziecka.<\/strong><\/p><p><strong>Energooszcz\u0119dne \u015bwiat\u0142o z regulacj\u0105 barw umieszczone z ty\u0142u szafki pos\u0142u\u017cy jako nastrojowa lampka nocna.<\/strong><\/p><p><strong>Korpus wykonany z p\u0142yty MDF z pow\u0142ok\u0105 akrylow\u0105 w po\u0142ysku.<\/strong><\/p><p><strong>Wydruk na p\u0142\u00f3tnie canvas w ramce aluminiowej, lakierowanej.<\/strong><\/p><p><strong>Dwie strefy \u015bwiat\u0142a LED:<\/strong><\/p><p><strong>&#8211; wn\u0119trze po otwarciu drzwi pod\u015bwietlane automatycznie<\/strong><\/p><p><strong>&#8211; zewn\u0119trzne pod\u015bwietlenie \u015bciany g\u00f3ra \/ d\u00f3\u0142, kolorami RGB, sterowane pilotem.<\/strong><\/p><p><strong>Pojemno\u015b\u0107 na 14 segregator\u00f3w.<\/strong><\/p><p><strong>wymiary:<\/strong><\/p><p><strong>szer 1224 mm<\/strong><\/p><p><strong>wys 422 mm<\/strong><\/p><p><strong>g\u0142 405 mm<\/strong><\/p><p><strong>wn\u0119trze:<\/strong><\/p><p><strong>szer 505mm x 2<\/strong><\/p><p><strong>wys 384mm<\/strong><\/p><p><strong>g\u0142 352mm<\/strong><\/p>\t\t\t\t\t\t<\/div>\n\t\t\t\t<\/div>\n\t\t\t\t\t<\/div>\n\t\t<\/div>\n\t\t\t\t\t<\/div>\n\t\t<\/section>\n\t\t\t\t<\/div>\n\t\t","protected":false},"excerpt":{"rendered":"<p>VINCENT efektowna szafka \u015bcienna Reprodukcja znanego dzie\u0142a na froncie szafki z pewno\u015bci\u0105 przyci\u0105gnie wzrok i ozdobi ka\u017cde wn\u0119trze. Szafka sprawdzi si\u0119 w [&hellip;]<\/p>\n","protected":false},"author":1,"featured_media":0,"parent":0,"menu_order":0,"comment_status":"closed","ping_status":"closed","template":"elementor_header_footer","meta":{"ngg_post_thumbnail":0,"footnotes":""},"class_list":["post-641","page","type-page","status-publish","hentry"],"_links":{"self":[{"href":"https:\/\/www.ivoprojekt.com\/index.php?rest_route=\/wp\/v2\/pages\/641","targetHints":{"allow":["GET"]}}],"collection":[{"href":"https:\/\/www.ivoprojekt.com\/index.php?rest_route=\/wp\/v2\/pages"}],"about":[{"href":"https:\/\/www.ivoprojekt.com\/index.php?rest_route=\/wp\/v2\/types\/page"}],"author":[{"embeddable":true,"href":"https:\/\/www.ivoprojekt.com\/index.php?rest_route=\/wp\/v2\/users\/1"}],"replies":[{"embeddable":true,"href":"https:\/\/www.ivoprojekt.com\/index.php?rest_route=%2Fwp%2Fv2%2Fcomments&post=641"}],"version-history":[{"count":9,"href":"https:\/\/www.ivoprojekt.com\/index.php?rest_route=\/wp\/v2\/pages\/641\/revisions"}],"predecessor-version":[{"id":1131,"href":"https:\/\/www.ivoprojekt.com\/index.php?rest_route=\/wp\/v2\/pages\/641\/revisions\/1131"}],"wp:attachment":[{"href":"https:\/\/www.ivoprojekt.com\/index.php?rest_route=%2Fwp%2Fv2%2Fmedia&parent=641"}],"curies":[{"name":"wp","href":"https:\/\/api.w.org\/{rel}","templated":true}]}}