{"id":613,"date":"2023-07-07T17:33:57","date_gmt":"2023-07-07T15:33:57","guid":{"rendered":"https:\/\/www.ivoprojekt.com\/?page_id=613"},"modified":"2023-08-06T12:20:38","modified_gmt":"2023-08-06T10:20:38","slug":"gp-soundbar-vector","status":"publish","type":"page","link":"https:\/\/www.ivoprojekt.com\/?page_id=613","title":{"rendered":"GP SOUNDBAR VECTOR"},"content":{"rendered":"\t\t<div data-elementor-type=\"wp-page\" data-elementor-id=\"613\" class=\"elementor elementor-613\">\n\t\t\t\t\t\t<section class=\"elementor-section elementor-top-section elementor-element elementor-element-3a3a87d elementor-section-boxed elementor-section-height-default elementor-section-height-default\" data-id=\"3a3a87d\" data-element_type=\"section\">\n\t\t\t\t\t\t<div class=\"elementor-container elementor-column-gap-default\">\n\t\t\t\t\t<div class=\"elementor-column elementor-col-100 elementor-top-column elementor-element elementor-element-e985d8e\" data-id=\"e985d8e\" data-element_type=\"column\">\n\t\t\t<div class=\"elementor-widget-wrap elementor-element-populated\">\n\t\t\t\t\t\t<div class=\"elementor-element elementor-element-5fcbb0c elementor-widget elementor-widget-image\" data-id=\"5fcbb0c\" data-element_type=\"widget\" data-widget_type=\"image.default\">\n\t\t\t\t<div class=\"elementor-widget-container\">\n\t\t\t<style>\/*! elementor - v3.22.0 - 26-06-2024 *\/\n.elementor-widget-image{text-align:center}.elementor-widget-image a{display:inline-block}.elementor-widget-image a img[src$=\".svg\"]{width:48px}.elementor-widget-image img{vertical-align:middle;display:inline-block}<\/style>\t\t\t\t\t\t\t\t\t\t<img fetchpriority=\"high\" decoding=\"async\" width=\"1536\" height=\"795\" src=\"https:\/\/www.ivoprojekt.com\/wp-content\/uploads\/2023\/07\/1k-6-1536x795.jpg\" class=\"attachment-1536x1536 size-1536x1536 wp-image-619\" alt=\"\" srcset=\"https:\/\/www.ivoprojekt.com\/wp-content\/uploads\/2023\/07\/1k-6-1536x795.jpg 1536w, https:\/\/www.ivoprojekt.com\/wp-content\/uploads\/2023\/07\/1k-6-300x155.jpg 300w, https:\/\/www.ivoprojekt.com\/wp-content\/uploads\/2023\/07\/1k-6-1024x530.jpg 1024w, https:\/\/www.ivoprojekt.com\/wp-content\/uploads\/2023\/07\/1k-6-768x398.jpg 768w, https:\/\/www.ivoprojekt.com\/wp-content\/uploads\/2023\/07\/1k-6-2048x1060.jpg 2048w, https:\/\/www.ivoprojekt.com\/wp-content\/uploads\/2023\/07\/1k-6-1000x518.jpg 1000w, https:\/\/www.ivoprojekt.com\/wp-content\/uploads\/2023\/07\/1k-6-230x119.jpg 230w, https:\/\/www.ivoprojekt.com\/wp-content\/uploads\/2023\/07\/1k-6-350x181.jpg 350w, https:\/\/www.ivoprojekt.com\/wp-content\/uploads\/2023\/07\/1k-6-480x248.jpg 480w\" sizes=\"(max-width: 1536px) 100vw, 1536px\" \/>\t\t\t\t\t\t\t\t\t\t\t\t\t<\/div>\n\t\t\t\t<\/div>\n\t\t\t\t<div class=\"elementor-element elementor-element-82295a2 elementor-widget elementor-widget-image\" data-id=\"82295a2\" data-element_type=\"widget\" data-widget_type=\"image.default\">\n\t\t\t\t<div class=\"elementor-widget-container\">\n\t\t\t\t\t\t\t\t\t\t\t\t\t<img decoding=\"async\" width=\"1536\" height=\"645\" src=\"https:\/\/www.ivoprojekt.com\/wp-content\/uploads\/2023\/07\/2k-6-1536x645.jpg\" class=\"attachment-1536x1536 size-1536x1536 wp-image-620\" alt=\"\" srcset=\"https:\/\/www.ivoprojekt.com\/wp-content\/uploads\/2023\/07\/2k-6-1536x645.jpg 1536w, https:\/\/www.ivoprojekt.com\/wp-content\/uploads\/2023\/07\/2k-6-300x126.jpg 300w, https:\/\/www.ivoprojekt.com\/wp-content\/uploads\/2023\/07\/2k-6-1024x430.jpg 1024w, https:\/\/www.ivoprojekt.com\/wp-content\/uploads\/2023\/07\/2k-6-768x323.jpg 768w, https:\/\/www.ivoprojekt.com\/wp-content\/uploads\/2023\/07\/2k-6-2048x860.jpg 2048w, https:\/\/www.ivoprojekt.com\/wp-content\/uploads\/2023\/07\/2k-6-1000x420.jpg 1000w, https:\/\/www.ivoprojekt.com\/wp-content\/uploads\/2023\/07\/2k-6-230x97.jpg 230w, https:\/\/www.ivoprojekt.com\/wp-content\/uploads\/2023\/07\/2k-6-350x147.jpg 350w, https:\/\/www.ivoprojekt.com\/wp-content\/uploads\/2023\/07\/2k-6-480x202.jpg 480w\" sizes=\"(max-width: 1536px) 100vw, 1536px\" \/>\t\t\t\t\t\t\t\t\t\t\t\t\t<\/div>\n\t\t\t\t<\/div>\n\t\t\t\t<div class=\"elementor-element elementor-element-a230dbc elementor-widget elementor-widget-image\" data-id=\"a230dbc\" data-element_type=\"widget\" data-widget_type=\"image.default\">\n\t\t\t\t<div class=\"elementor-widget-container\">\n\t\t\t\t\t\t\t\t\t\t\t\t\t<img decoding=\"async\" width=\"1536\" height=\"799\" src=\"https:\/\/www.ivoprojekt.com\/wp-content\/uploads\/2023\/07\/3k-7-1536x799.jpg\" class=\"attachment-1536x1536 size-1536x1536 wp-image-621\" alt=\"\" srcset=\"https:\/\/www.ivoprojekt.com\/wp-content\/uploads\/2023\/07\/3k-7-1536x799.jpg 1536w, https:\/\/www.ivoprojekt.com\/wp-content\/uploads\/2023\/07\/3k-7-300x156.jpg 300w, https:\/\/www.ivoprojekt.com\/wp-content\/uploads\/2023\/07\/3k-7-1024x532.jpg 1024w, https:\/\/www.ivoprojekt.com\/wp-content\/uploads\/2023\/07\/3k-7-768x399.jpg 768w, https:\/\/www.ivoprojekt.com\/wp-content\/uploads\/2023\/07\/3k-7-2048x1065.jpg 2048w, https:\/\/www.ivoprojekt.com\/wp-content\/uploads\/2023\/07\/3k-7-1000x520.jpg 1000w, https:\/\/www.ivoprojekt.com\/wp-content\/uploads\/2023\/07\/3k-7-230x120.jpg 230w, https:\/\/www.ivoprojekt.com\/wp-content\/uploads\/2023\/07\/3k-7-350x182.jpg 350w, https:\/\/www.ivoprojekt.com\/wp-content\/uploads\/2023\/07\/3k-7-480x250.jpg 480w\" sizes=\"(max-width: 1536px) 100vw, 1536px\" \/>\t\t\t\t\t\t\t\t\t\t\t\t\t<\/div>\n\t\t\t\t<\/div>\n\t\t\t\t<div class=\"elementor-element elementor-element-9f8eb78 elementor-widget elementor-widget-image\" data-id=\"9f8eb78\" data-element_type=\"widget\" data-widget_type=\"image.default\">\n\t\t\t\t<div class=\"elementor-widget-container\">\n\t\t\t\t\t\t\t\t\t\t\t\t\t<img loading=\"lazy\" decoding=\"async\" width=\"1536\" height=\"847\" src=\"https:\/\/www.ivoprojekt.com\/wp-content\/uploads\/2023\/07\/4k-5-1536x847.jpg\" class=\"attachment-1536x1536 size-1536x1536 wp-image-622\" alt=\"\" srcset=\"https:\/\/www.ivoprojekt.com\/wp-content\/uploads\/2023\/07\/4k-5-1536x847.jpg 1536w, https:\/\/www.ivoprojekt.com\/wp-content\/uploads\/2023\/07\/4k-5-300x165.jpg 300w, https:\/\/www.ivoprojekt.com\/wp-content\/uploads\/2023\/07\/4k-5-1024x565.jpg 1024w, https:\/\/www.ivoprojekt.com\/wp-content\/uploads\/2023\/07\/4k-5-768x424.jpg 768w, https:\/\/www.ivoprojekt.com\/wp-content\/uploads\/2023\/07\/4k-5-2048x1130.jpg 2048w, https:\/\/www.ivoprojekt.com\/wp-content\/uploads\/2023\/07\/4k-5-1000x552.jpg 1000w, https:\/\/www.ivoprojekt.com\/wp-content\/uploads\/2023\/07\/4k-5-230x127.jpg 230w, https:\/\/www.ivoprojekt.com\/wp-content\/uploads\/2023\/07\/4k-5-350x193.jpg 350w, https:\/\/www.ivoprojekt.com\/wp-content\/uploads\/2023\/07\/4k-5-480x265.jpg 480w\" sizes=\"(max-width: 1536px) 100vw, 1536px\" \/>\t\t\t\t\t\t\t\t\t\t\t\t\t<\/div>\n\t\t\t\t<\/div>\n\t\t\t\t<div class=\"elementor-element elementor-element-973eeb0 elementor-widget elementor-widget-image\" data-id=\"973eeb0\" data-element_type=\"widget\" data-widget_type=\"image.default\">\n\t\t\t\t<div class=\"elementor-widget-container\">\n\t\t\t\t\t\t\t\t\t\t\t\t\t<img loading=\"lazy\" decoding=\"async\" width=\"1536\" height=\"1067\" src=\"https:\/\/www.ivoprojekt.com\/wp-content\/uploads\/2023\/07\/5k-2-1536x1067.jpg\" class=\"attachment-1536x1536 size-1536x1536 wp-image-623\" alt=\"\" srcset=\"https:\/\/www.ivoprojekt.com\/wp-content\/uploads\/2023\/07\/5k-2-1536x1067.jpg 1536w, https:\/\/www.ivoprojekt.com\/wp-content\/uploads\/2023\/07\/5k-2-300x208.jpg 300w, https:\/\/www.ivoprojekt.com\/wp-content\/uploads\/2023\/07\/5k-2-1024x711.jpg 1024w, https:\/\/www.ivoprojekt.com\/wp-content\/uploads\/2023\/07\/5k-2-768x533.jpg 768w, https:\/\/www.ivoprojekt.com\/wp-content\/uploads\/2023\/07\/5k-2-2048x1422.jpg 2048w, https:\/\/www.ivoprojekt.com\/wp-content\/uploads\/2023\/07\/5k-2-1000x695.jpg 1000w, https:\/\/www.ivoprojekt.com\/wp-content\/uploads\/2023\/07\/5k-2-230x160.jpg 230w, https:\/\/www.ivoprojekt.com\/wp-content\/uploads\/2023\/07\/5k-2-350x243.jpg 350w, https:\/\/www.ivoprojekt.com\/wp-content\/uploads\/2023\/07\/5k-2-480x333.jpg 480w\" sizes=\"(max-width: 1536px) 100vw, 1536px\" \/>\t\t\t\t\t\t\t\t\t\t\t\t\t<\/div>\n\t\t\t\t<\/div>\n\t\t\t\t<div class=\"elementor-element elementor-element-e425f7c elementor-widget elementor-widget-image\" data-id=\"e425f7c\" data-element_type=\"widget\" data-widget_type=\"image.default\">\n\t\t\t\t<div class=\"elementor-widget-container\">\n\t\t\t\t\t\t\t\t\t\t\t\t\t<img loading=\"lazy\" decoding=\"async\" width=\"1536\" height=\"1097\" src=\"https:\/\/www.ivoprojekt.com\/wp-content\/uploads\/2023\/07\/6k-1536x1097.jpg\" class=\"attachment-1536x1536 size-1536x1536 wp-image-624\" alt=\"\" srcset=\"https:\/\/www.ivoprojekt.com\/wp-content\/uploads\/2023\/07\/6k-1536x1097.jpg 1536w, https:\/\/www.ivoprojekt.com\/wp-content\/uploads\/2023\/07\/6k-300x214.jpg 300w, https:\/\/www.ivoprojekt.com\/wp-content\/uploads\/2023\/07\/6k-1024x732.jpg 1024w, https:\/\/www.ivoprojekt.com\/wp-content\/uploads\/2023\/07\/6k-768x549.jpg 768w, https:\/\/www.ivoprojekt.com\/wp-content\/uploads\/2023\/07\/6k-2048x1463.jpg 2048w, https:\/\/www.ivoprojekt.com\/wp-content\/uploads\/2023\/07\/6k-1000x714.jpg 1000w, https:\/\/www.ivoprojekt.com\/wp-content\/uploads\/2023\/07\/6k-230x164.jpg 230w, https:\/\/www.ivoprojekt.com\/wp-content\/uploads\/2023\/07\/6k-350x250.jpg 350w, https:\/\/www.ivoprojekt.com\/wp-content\/uploads\/2023\/07\/6k-480x343.jpg 480w\" sizes=\"(max-width: 1536px) 100vw, 1536px\" \/>\t\t\t\t\t\t\t\t\t\t\t\t\t<\/div>\n\t\t\t\t<\/div>\n\t\t\t\t<div class=\"elementor-element elementor-element-c3a2f23 elementor-widget elementor-widget-image\" data-id=\"c3a2f23\" data-element_type=\"widget\" data-widget_type=\"image.default\">\n\t\t\t\t<div class=\"elementor-widget-container\">\n\t\t\t\t\t\t\t\t\t\t\t\t\t<img loading=\"lazy\" decoding=\"async\" width=\"1536\" height=\"923\" src=\"https:\/\/www.ivoprojekt.com\/wp-content\/uploads\/2023\/07\/7k-1536x923.jpg\" class=\"attachment-1536x1536 size-1536x1536 wp-image-625\" alt=\"\" srcset=\"https:\/\/www.ivoprojekt.com\/wp-content\/uploads\/2023\/07\/7k-1536x923.jpg 1536w, https:\/\/www.ivoprojekt.com\/wp-content\/uploads\/2023\/07\/7k-300x180.jpg 300w, https:\/\/www.ivoprojekt.com\/wp-content\/uploads\/2023\/07\/7k-1024x615.jpg 1024w, https:\/\/www.ivoprojekt.com\/wp-content\/uploads\/2023\/07\/7k-768x461.jpg 768w, https:\/\/www.ivoprojekt.com\/wp-content\/uploads\/2023\/07\/7k-2048x1230.jpg 2048w, https:\/\/www.ivoprojekt.com\/wp-content\/uploads\/2023\/07\/7k-1000x601.jpg 1000w, https:\/\/www.ivoprojekt.com\/wp-content\/uploads\/2023\/07\/7k-230x138.jpg 230w, https:\/\/www.ivoprojekt.com\/wp-content\/uploads\/2023\/07\/7k-350x210.jpg 350w, https:\/\/www.ivoprojekt.com\/wp-content\/uploads\/2023\/07\/7k-480x288.jpg 480w\" sizes=\"(max-width: 1536px) 100vw, 1536px\" \/>\t\t\t\t\t\t\t\t\t\t\t\t\t<\/div>\n\t\t\t\t<\/div>\n\t\t\t\t\t<\/div>\n\t\t<\/div>\n\t\t\t\t\t<\/div>\n\t\t<\/section>\n\t\t\t\t<section class=\"elementor-section elementor-top-section elementor-element elementor-element-4e28a0b elementor-section-boxed elementor-section-height-default elementor-section-height-default\" data-id=\"4e28a0b\" data-element_type=\"section\">\n\t\t\t\t\t\t<div class=\"elementor-container elementor-column-gap-default\">\n\t\t\t\t\t<div class=\"elementor-column elementor-col-100 elementor-top-column elementor-element elementor-element-9c911d2\" data-id=\"9c911d2\" data-element_type=\"column\">\n\t\t\t<div class=\"elementor-widget-wrap elementor-element-populated\">\n\t\t\t\t\t\t<div class=\"elementor-element elementor-element-abf8242 elementor-widget elementor-widget-image\" data-id=\"abf8242\" data-element_type=\"widget\" data-widget_type=\"image.default\">\n\t\t\t\t<div class=\"elementor-widget-container\">\n\t\t\t\t\t\t\t\t\t\t\t\t\t<img loading=\"lazy\" decoding=\"async\" width=\"1536\" height=\"1020\" src=\"https:\/\/www.ivoprojekt.com\/wp-content\/uploads\/2023\/07\/9-1536x1020.jpg\" class=\"attachment-1536x1536 size-1536x1536 wp-image-627\" alt=\"\" srcset=\"https:\/\/www.ivoprojekt.com\/wp-content\/uploads\/2023\/07\/9-1536x1020.jpg 1536w, https:\/\/www.ivoprojekt.com\/wp-content\/uploads\/2023\/07\/9-300x199.jpg 300w, https:\/\/www.ivoprojekt.com\/wp-content\/uploads\/2023\/07\/9-1024x680.jpg 1024w, https:\/\/www.ivoprojekt.com\/wp-content\/uploads\/2023\/07\/9-768x510.jpg 768w, https:\/\/www.ivoprojekt.com\/wp-content\/uploads\/2023\/07\/9-2048x1360.jpg 2048w, https:\/\/www.ivoprojekt.com\/wp-content\/uploads\/2023\/07\/9-1000x664.jpg 1000w, https:\/\/www.ivoprojekt.com\/wp-content\/uploads\/2023\/07\/9-230x153.jpg 230w, https:\/\/www.ivoprojekt.com\/wp-content\/uploads\/2023\/07\/9-350x232.jpg 350w, https:\/\/www.ivoprojekt.com\/wp-content\/uploads\/2023\/07\/9-480x319.jpg 480w\" sizes=\"(max-width: 1536px) 100vw, 1536px\" \/>\t\t\t\t\t\t\t\t\t\t\t\t\t<\/div>\n\t\t\t\t<\/div>\n\t\t\t\t<div class=\"elementor-element elementor-element-31f9dd5 elementor-widget__width-initial elementor-widget elementor-widget-image\" data-id=\"31f9dd5\" data-element_type=\"widget\" data-widget_type=\"image.default\">\n\t\t\t\t<div class=\"elementor-widget-container\">\n\t\t\t\t\t\t\t\t\t\t\t\t\t<img loading=\"lazy\" decoding=\"async\" width=\"1536\" height=\"449\" src=\"https:\/\/www.ivoprojekt.com\/wp-content\/uploads\/2023\/07\/vector-2-2-1-1536x449.png\" class=\"attachment-1536x1536 size-1536x1536 wp-image-1041\" alt=\"\" srcset=\"https:\/\/www.ivoprojekt.com\/wp-content\/uploads\/2023\/07\/vector-2-2-1-1536x449.png 1536w, https:\/\/www.ivoprojekt.com\/wp-content\/uploads\/2023\/07\/vector-2-2-1-300x88.png 300w, https:\/\/www.ivoprojekt.com\/wp-content\/uploads\/2023\/07\/vector-2-2-1-1024x299.png 1024w, https:\/\/www.ivoprojekt.com\/wp-content\/uploads\/2023\/07\/vector-2-2-1-768x225.png 768w, https:\/\/www.ivoprojekt.com\/wp-content\/uploads\/2023\/07\/vector-2-2-1-2048x599.png 2048w, https:\/\/www.ivoprojekt.com\/wp-content\/uploads\/2023\/07\/vector-2-2-1-1000x292.png 1000w, https:\/\/www.ivoprojekt.com\/wp-content\/uploads\/2023\/07\/vector-2-2-1-230x67.png 230w, https:\/\/www.ivoprojekt.com\/wp-content\/uploads\/2023\/07\/vector-2-2-1-350x102.png 350w, https:\/\/www.ivoprojekt.com\/wp-content\/uploads\/2023\/07\/vector-2-2-1-480x140.png 480w\" sizes=\"(max-width: 1536px) 100vw, 1536px\" \/>\t\t\t\t\t\t\t\t\t\t\t\t\t<\/div>\n\t\t\t\t<\/div>\n\t\t\t\t\t<\/div>\n\t\t<\/div>\n\t\t\t\t\t<\/div>\n\t\t<\/section>\n\t\t\t\t<section class=\"elementor-section elementor-top-section elementor-element elementor-element-a1605d8 elementor-section-boxed elementor-section-height-default elementor-section-height-default\" data-id=\"a1605d8\" data-element_type=\"section\">\n\t\t\t\t\t\t<div class=\"elementor-container elementor-column-gap-default\">\n\t\t\t\t\t<div class=\"elementor-column elementor-col-100 elementor-top-column elementor-element elementor-element-dc23cb6\" data-id=\"dc23cb6\" data-element_type=\"column\">\n\t\t\t<div class=\"elementor-widget-wrap elementor-element-populated\">\n\t\t\t\t\t\t<div class=\"elementor-element elementor-element-ff696bc elementor-widget__width-initial elementor-widget elementor-widget-image\" data-id=\"ff696bc\" data-element_type=\"widget\" data-widget_type=\"image.default\">\n\t\t\t\t<div class=\"elementor-widget-container\">\n\t\t\t\t\t\t\t\t\t\t\t\t\t<img loading=\"lazy\" decoding=\"async\" width=\"1536\" height=\"1086\" src=\"https:\/\/www.ivoprojekt.com\/wp-content\/uploads\/2023\/07\/vector-2-2-1536x1086.png\" class=\"attachment-1536x1536 size-1536x1536 wp-image-1040\" alt=\"\" srcset=\"https:\/\/www.ivoprojekt.com\/wp-content\/uploads\/2023\/07\/vector-2-2-1536x1086.png 1536w, https:\/\/www.ivoprojekt.com\/wp-content\/uploads\/2023\/07\/vector-2-2-300x212.png 300w, https:\/\/www.ivoprojekt.com\/wp-content\/uploads\/2023\/07\/vector-2-2-1024x724.png 1024w, https:\/\/www.ivoprojekt.com\/wp-content\/uploads\/2023\/07\/vector-2-2-768x543.png 768w, https:\/\/www.ivoprojekt.com\/wp-content\/uploads\/2023\/07\/vector-2-2-2048x1448.png 2048w, https:\/\/www.ivoprojekt.com\/wp-content\/uploads\/2023\/07\/vector-2-2-1000x707.png 1000w, https:\/\/www.ivoprojekt.com\/wp-content\/uploads\/2023\/07\/vector-2-2-230x163.png 230w, https:\/\/www.ivoprojekt.com\/wp-content\/uploads\/2023\/07\/vector-2-2-350x247.png 350w, https:\/\/www.ivoprojekt.com\/wp-content\/uploads\/2023\/07\/vector-2-2-480x339.png 480w\" sizes=\"(max-width: 1536px) 100vw, 1536px\" \/>\t\t\t\t\t\t\t\t\t\t\t\t\t<\/div>\n\t\t\t\t<\/div>\n\t\t\t\t<div class=\"elementor-element elementor-element-82fcf51 elementor-widget elementor-widget-text-editor\" data-id=\"82fcf51\" data-element_type=\"widget\" data-widget_type=\"text-editor.default\">\n\t\t\t\t<div class=\"elementor-widget-container\">\n\t\t\t<style>\/*! elementor - v3.22.0 - 26-06-2024 *\/\n.elementor-widget-text-editor.elementor-drop-cap-view-stacked .elementor-drop-cap{background-color:#69727d;color:#fff}.elementor-widget-text-editor.elementor-drop-cap-view-framed .elementor-drop-cap{color:#69727d;border:3px solid;background-color:transparent}.elementor-widget-text-editor:not(.elementor-drop-cap-view-default) .elementor-drop-cap{margin-top:8px}.elementor-widget-text-editor:not(.elementor-drop-cap-view-default) .elementor-drop-cap-letter{width:1em;height:1em}.elementor-widget-text-editor .elementor-drop-cap{float:left;text-align:center;line-height:1;font-size:50px}.elementor-widget-text-editor .elementor-drop-cap-letter{display:inline-block}<\/style>\t\t\t\t<p><strong>Soundbar VECTOR<\/strong><\/p><p><strong>Niepozorna szafka w kszta\u0142cie trapezu pod TV \/ ekran projektora<\/strong><\/p><p><strong>MDF pokryty bia\u0142ym per\u0142owym lakierem w po\u0142ysku, siatka maskuj\u0105ca Grill Cloth na frontach szuflad, dwie strefy o\u015bwietlenia LED RGBW &#8211; sterowane pilotem RF + aplikacja<\/strong><\/p><p><strong>Wewn\u0105trz:<\/strong><\/p><ul><li><p><strong>system audio 2.1, wej\u015bcie optyczne, \u0142\u0105czno\u015b\u0107 bluetooth &#8211; sterowanie pilotem<\/strong><\/p><\/li><li><p><strong>dwie boczne do\u015b\u0107 pojemne szuflady + pod\u015bwietlana \u015brodkowa na zewn\u0119trzne no\u015bniki danych HDD\/SSD lub drobiazgi<\/strong><\/p><\/li><li><p><strong>ukryte przewody<\/strong><\/p><p>\u00a0<\/p><\/li><\/ul><p><strong>Wymiary:<\/strong><\/p><p><strong>d\u0142. z ty\u0142u 2780 mm z przodu 2380 mm<\/strong><\/p><p><strong>g\u0142.440 mm<\/strong><\/p><p><strong>wys.18 mm<\/strong><\/p>\t\t\t\t\t\t<\/div>\n\t\t\t\t<\/div>\n\t\t\t\t\t<\/div>\n\t\t<\/div>\n\t\t\t\t\t<\/div>\n\t\t<\/section>\n\t\t\t\t<\/div>\n\t\t","protected":false},"excerpt":{"rendered":"<p>Soundbar VECTOR Niepozorna szafka w kszta\u0142cie trapezu pod TV \/ ekran projektora MDF pokryty bia\u0142ym per\u0142owym lakierem w po\u0142ysku, siatka maskuj\u0105ca Grill [&hellip;]<\/p>\n","protected":false},"author":1,"featured_media":0,"parent":0,"menu_order":0,"comment_status":"closed","ping_status":"closed","template":"elementor_header_footer","meta":{"ngg_post_thumbnail":0,"footnotes":""},"class_list":["post-613","page","type-page","status-publish","hentry"],"_links":{"self":[{"href":"https:\/\/www.ivoprojekt.com\/index.php?rest_route=\/wp\/v2\/pages\/613","targetHints":{"allow":["GET"]}}],"collection":[{"href":"https:\/\/www.ivoprojekt.com\/index.php?rest_route=\/wp\/v2\/pages"}],"about":[{"href":"https:\/\/www.ivoprojekt.com\/index.php?rest_route=\/wp\/v2\/types\/page"}],"author":[{"embeddable":true,"href":"https:\/\/www.ivoprojekt.com\/index.php?rest_route=\/wp\/v2\/users\/1"}],"replies":[{"embeddable":true,"href":"https:\/\/www.ivoprojekt.com\/index.php?rest_route=%2Fwp%2Fv2%2Fcomments&post=613"}],"version-history":[{"count":12,"href":"https:\/\/www.ivoprojekt.com\/index.php?rest_route=\/wp\/v2\/pages\/613\/revisions"}],"predecessor-version":[{"id":1125,"href":"https:\/\/www.ivoprojekt.com\/index.php?rest_route=\/wp\/v2\/pages\/613\/revisions\/1125"}],"wp:attachment":[{"href":"https:\/\/www.ivoprojekt.com\/index.php?rest_route=%2Fwp%2Fv2%2Fmedia&parent=613"}],"curies":[{"name":"wp","href":"https:\/\/api.w.org\/{rel}","templated":true}]}}