{"id":598,"date":"2023-07-07T17:09:34","date_gmt":"2023-07-07T15:09:34","guid":{"rendered":"https:\/\/www.ivoprojekt.com\/?page_id=598"},"modified":"2023-08-06T12:26:41","modified_gmt":"2023-08-06T10:26:41","slug":"gp-wieszak-na-krawaty","status":"publish","type":"page","link":"https:\/\/www.ivoprojekt.com\/?page_id=598","title":{"rendered":"GP WIESZAK NA KRAWATY"},"content":{"rendered":"\t\t<div data-elementor-type=\"wp-page\" data-elementor-id=\"598\" class=\"elementor elementor-598\">\n\t\t\t\t\t\t<section class=\"elementor-section elementor-top-section elementor-element elementor-element-a83942a elementor-section-boxed elementor-section-height-default elementor-section-height-default\" data-id=\"a83942a\" data-element_type=\"section\">\n\t\t\t\t\t\t<div class=\"elementor-container elementor-column-gap-default\">\n\t\t\t\t\t<div class=\"elementor-column elementor-col-100 elementor-top-column elementor-element elementor-element-6d1f49c\" data-id=\"6d1f49c\" data-element_type=\"column\">\n\t\t\t<div class=\"elementor-widget-wrap\">\n\t\t\t\t\t\t\t<\/div>\n\t\t<\/div>\n\t\t\t\t\t<\/div>\n\t\t<\/section>\n\t\t\t\t<section class=\"elementor-section elementor-top-section elementor-element elementor-element-ba49eb8 elementor-section-boxed elementor-section-height-default elementor-section-height-default\" data-id=\"ba49eb8\" data-element_type=\"section\">\n\t\t\t\t\t\t<div class=\"elementor-container elementor-column-gap-default\">\n\t\t\t\t\t<div class=\"elementor-column elementor-col-100 elementor-top-column elementor-element elementor-element-aaa0e92\" data-id=\"aaa0e92\" data-element_type=\"column\">\n\t\t\t<div class=\"elementor-widget-wrap elementor-element-populated\">\n\t\t\t\t\t\t<div class=\"elementor-element elementor-element-c6d28f6 elementor-widget elementor-widget-image\" data-id=\"c6d28f6\" data-element_type=\"widget\" data-widget_type=\"image.default\">\n\t\t\t\t<div class=\"elementor-widget-container\">\n\t\t\t<style>\/*! elementor - v3.22.0 - 26-06-2024 *\/\n.elementor-widget-image{text-align:center}.elementor-widget-image a{display:inline-block}.elementor-widget-image a img[src$=\".svg\"]{width:48px}.elementor-widget-image img{vertical-align:middle;display:inline-block}<\/style>\t\t\t\t\t\t\t\t\t\t<img fetchpriority=\"high\" decoding=\"async\" width=\"1536\" height=\"1013\" src=\"https:\/\/www.ivoprojekt.com\/wp-content\/uploads\/2023\/07\/1k-5-1536x1013.jpg\" class=\"attachment-1536x1536 size-1536x1536 wp-image-604\" alt=\"\" srcset=\"https:\/\/www.ivoprojekt.com\/wp-content\/uploads\/2023\/07\/1k-5-1536x1013.jpg 1536w, https:\/\/www.ivoprojekt.com\/wp-content\/uploads\/2023\/07\/1k-5-300x198.jpg 300w, https:\/\/www.ivoprojekt.com\/wp-content\/uploads\/2023\/07\/1k-5-1024x676.jpg 1024w, https:\/\/www.ivoprojekt.com\/wp-content\/uploads\/2023\/07\/1k-5-768x507.jpg 768w, https:\/\/www.ivoprojekt.com\/wp-content\/uploads\/2023\/07\/1k-5-2048x1351.jpg 2048w, https:\/\/www.ivoprojekt.com\/wp-content\/uploads\/2023\/07\/1k-5-1000x660.jpg 1000w, https:\/\/www.ivoprojekt.com\/wp-content\/uploads\/2023\/07\/1k-5-230x152.jpg 230w, https:\/\/www.ivoprojekt.com\/wp-content\/uploads\/2023\/07\/1k-5-350x231.jpg 350w, https:\/\/www.ivoprojekt.com\/wp-content\/uploads\/2023\/07\/1k-5-480x317.jpg 480w\" sizes=\"(max-width: 1536px) 100vw, 1536px\" \/>\t\t\t\t\t\t\t\t\t\t\t\t\t<\/div>\n\t\t\t\t<\/div>\n\t\t\t\t<div class=\"elementor-element elementor-element-6901aaf elementor-widget elementor-widget-image\" data-id=\"6901aaf\" data-element_type=\"widget\" data-widget_type=\"image.default\">\n\t\t\t\t<div class=\"elementor-widget-container\">\n\t\t\t\t\t\t\t\t\t\t\t\t\t<img decoding=\"async\" width=\"1536\" height=\"1028\" src=\"https:\/\/www.ivoprojekt.com\/wp-content\/uploads\/2023\/07\/2k-5-1536x1028.jpg\" class=\"attachment-1536x1536 size-1536x1536 wp-image-605\" alt=\"\" srcset=\"https:\/\/www.ivoprojekt.com\/wp-content\/uploads\/2023\/07\/2k-5-1536x1028.jpg 1536w, https:\/\/www.ivoprojekt.com\/wp-content\/uploads\/2023\/07\/2k-5-300x201.jpg 300w, https:\/\/www.ivoprojekt.com\/wp-content\/uploads\/2023\/07\/2k-5-1024x685.jpg 1024w, https:\/\/www.ivoprojekt.com\/wp-content\/uploads\/2023\/07\/2k-5-768x514.jpg 768w, https:\/\/www.ivoprojekt.com\/wp-content\/uploads\/2023\/07\/2k-5-2048x1370.jpg 2048w, https:\/\/www.ivoprojekt.com\/wp-content\/uploads\/2023\/07\/2k-5-1000x669.jpg 1000w, https:\/\/www.ivoprojekt.com\/wp-content\/uploads\/2023\/07\/2k-5-230x154.jpg 230w, https:\/\/www.ivoprojekt.com\/wp-content\/uploads\/2023\/07\/2k-5-350x234.jpg 350w, https:\/\/www.ivoprojekt.com\/wp-content\/uploads\/2023\/07\/2k-5-480x321.jpg 480w\" sizes=\"(max-width: 1536px) 100vw, 1536px\" \/>\t\t\t\t\t\t\t\t\t\t\t\t\t<\/div>\n\t\t\t\t<\/div>\n\t\t\t\t<div class=\"elementor-element elementor-element-35f107d elementor-widget elementor-widget-image\" data-id=\"35f107d\" data-element_type=\"widget\" data-widget_type=\"image.default\">\n\t\t\t\t<div class=\"elementor-widget-container\">\n\t\t\t\t\t\t\t\t\t\t\t\t\t<img decoding=\"async\" width=\"1536\" height=\"1028\" src=\"https:\/\/www.ivoprojekt.com\/wp-content\/uploads\/2023\/07\/3k-6-1536x1028.jpg\" class=\"attachment-1536x1536 size-1536x1536 wp-image-606\" alt=\"\" srcset=\"https:\/\/www.ivoprojekt.com\/wp-content\/uploads\/2023\/07\/3k-6-1536x1028.jpg 1536w, https:\/\/www.ivoprojekt.com\/wp-content\/uploads\/2023\/07\/3k-6-300x201.jpg 300w, https:\/\/www.ivoprojekt.com\/wp-content\/uploads\/2023\/07\/3k-6-1024x685.jpg 1024w, https:\/\/www.ivoprojekt.com\/wp-content\/uploads\/2023\/07\/3k-6-768x514.jpg 768w, https:\/\/www.ivoprojekt.com\/wp-content\/uploads\/2023\/07\/3k-6-2048x1370.jpg 2048w, https:\/\/www.ivoprojekt.com\/wp-content\/uploads\/2023\/07\/3k-6-1000x669.jpg 1000w, https:\/\/www.ivoprojekt.com\/wp-content\/uploads\/2023\/07\/3k-6-230x154.jpg 230w, https:\/\/www.ivoprojekt.com\/wp-content\/uploads\/2023\/07\/3k-6-350x234.jpg 350w, https:\/\/www.ivoprojekt.com\/wp-content\/uploads\/2023\/07\/3k-6-480x321.jpg 480w\" sizes=\"(max-width: 1536px) 100vw, 1536px\" \/>\t\t\t\t\t\t\t\t\t\t\t\t\t<\/div>\n\t\t\t\t<\/div>\n\t\t\t\t<div class=\"elementor-element elementor-element-ed24149 elementor-widget elementor-widget-image\" data-id=\"ed24149\" data-element_type=\"widget\" data-widget_type=\"image.default\">\n\t\t\t\t<div class=\"elementor-widget-container\">\n\t\t\t\t\t\t\t\t\t\t\t\t\t<img loading=\"lazy\" decoding=\"async\" width=\"1536\" height=\"1028\" src=\"https:\/\/www.ivoprojekt.com\/wp-content\/uploads\/2023\/07\/4k-4-1536x1028.jpg\" class=\"attachment-1536x1536 size-1536x1536 wp-image-607\" alt=\"\" srcset=\"https:\/\/www.ivoprojekt.com\/wp-content\/uploads\/2023\/07\/4k-4-1536x1028.jpg 1536w, https:\/\/www.ivoprojekt.com\/wp-content\/uploads\/2023\/07\/4k-4-300x201.jpg 300w, https:\/\/www.ivoprojekt.com\/wp-content\/uploads\/2023\/07\/4k-4-1024x685.jpg 1024w, https:\/\/www.ivoprojekt.com\/wp-content\/uploads\/2023\/07\/4k-4-768x514.jpg 768w, https:\/\/www.ivoprojekt.com\/wp-content\/uploads\/2023\/07\/4k-4-2048x1370.jpg 2048w, https:\/\/www.ivoprojekt.com\/wp-content\/uploads\/2023\/07\/4k-4-1000x669.jpg 1000w, https:\/\/www.ivoprojekt.com\/wp-content\/uploads\/2023\/07\/4k-4-230x154.jpg 230w, https:\/\/www.ivoprojekt.com\/wp-content\/uploads\/2023\/07\/4k-4-350x234.jpg 350w, https:\/\/www.ivoprojekt.com\/wp-content\/uploads\/2023\/07\/4k-4-480x321.jpg 480w\" sizes=\"(max-width: 1536px) 100vw, 1536px\" \/>\t\t\t\t\t\t\t\t\t\t\t\t\t<\/div>\n\t\t\t\t<\/div>\n\t\t\t\t<div class=\"elementor-element elementor-element-396b46e elementor-widget elementor-widget-image\" data-id=\"396b46e\" data-element_type=\"widget\" data-widget_type=\"image.default\">\n\t\t\t\t<div class=\"elementor-widget-container\">\n\t\t\t\t\t\t\t\t\t\t\t\t\t<img loading=\"lazy\" decoding=\"async\" width=\"1536\" height=\"828\" src=\"https:\/\/www.ivoprojekt.com\/wp-content\/uploads\/2023\/07\/5k-1-1536x828.jpg\" class=\"attachment-1536x1536 size-1536x1536 wp-image-608\" alt=\"\" srcset=\"https:\/\/www.ivoprojekt.com\/wp-content\/uploads\/2023\/07\/5k-1-1536x828.jpg 1536w, https:\/\/www.ivoprojekt.com\/wp-content\/uploads\/2023\/07\/5k-1-300x162.jpg 300w, https:\/\/www.ivoprojekt.com\/wp-content\/uploads\/2023\/07\/5k-1-1024x552.jpg 1024w, https:\/\/www.ivoprojekt.com\/wp-content\/uploads\/2023\/07\/5k-1-768x414.jpg 768w, https:\/\/www.ivoprojekt.com\/wp-content\/uploads\/2023\/07\/5k-1-2048x1104.jpg 2048w, https:\/\/www.ivoprojekt.com\/wp-content\/uploads\/2023\/07\/5k-1-1000x539.jpg 1000w, https:\/\/www.ivoprojekt.com\/wp-content\/uploads\/2023\/07\/5k-1-230x124.jpg 230w, https:\/\/www.ivoprojekt.com\/wp-content\/uploads\/2023\/07\/5k-1-350x189.jpg 350w, https:\/\/www.ivoprojekt.com\/wp-content\/uploads\/2023\/07\/5k-1-480x259.jpg 480w\" sizes=\"(max-width: 1536px) 100vw, 1536px\" \/>\t\t\t\t\t\t\t\t\t\t\t\t\t<\/div>\n\t\t\t\t<\/div>\n\t\t\t\t\t<\/div>\n\t\t<\/div>\n\t\t\t\t\t<\/div>\n\t\t<\/section>\n\t\t\t\t<section class=\"elementor-section elementor-top-section elementor-element elementor-element-213b3db elementor-section-boxed elementor-section-height-default elementor-section-height-default\" data-id=\"213b3db\" data-element_type=\"section\">\n\t\t\t\t\t\t<div class=\"elementor-container elementor-column-gap-default\">\n\t\t\t\t\t<div class=\"elementor-column elementor-col-100 elementor-top-column elementor-element elementor-element-b90c087\" data-id=\"b90c087\" data-element_type=\"column\">\n\t\t\t<div class=\"elementor-widget-wrap elementor-element-populated\">\n\t\t\t\t\t\t<div class=\"elementor-element elementor-element-14a7f6a elementor-widget elementor-widget-text-editor\" data-id=\"14a7f6a\" data-element_type=\"widget\" data-widget_type=\"text-editor.default\">\n\t\t\t\t<div class=\"elementor-widget-container\">\n\t\t\t<style>\/*! elementor - v3.22.0 - 26-06-2024 *\/\n.elementor-widget-text-editor.elementor-drop-cap-view-stacked .elementor-drop-cap{background-color:#69727d;color:#fff}.elementor-widget-text-editor.elementor-drop-cap-view-framed .elementor-drop-cap{color:#69727d;border:3px solid;background-color:transparent}.elementor-widget-text-editor:not(.elementor-drop-cap-view-default) .elementor-drop-cap{margin-top:8px}.elementor-widget-text-editor:not(.elementor-drop-cap-view-default) .elementor-drop-cap-letter{width:1em;height:1em}.elementor-widget-text-editor .elementor-drop-cap{float:left;text-align:center;line-height:1;font-size:50px}.elementor-widget-text-editor .elementor-drop-cap-letter{display:inline-block}<\/style>\t\t\t\t<p><strong><span style=\"color: #000000;\"><span style=\"font-family: Arial;\"><span style=\"font-size: large;\">Ekskluzywny trwa\u0142y wieszak na krawaty<\/span><\/span><\/span><\/strong><\/p><p><strong><span style=\"font-family: Arial;\"><span style=\"font-size: large;\">Produkt wyr\u00f3\u017cnia os\u0142ona z blachy nierdzewnej oraz stalowe lakierowane \u201erami\u0119\u201d wygi\u0119te pod odpowiednimi k\u0105tami s\u0142u\u017cy jako uchwyt cz\u0119\u015bci ruchomej na kt\u00f3rej zosta\u0142y zamontowane stalowe nierdzewne trzpienie zako\u0144czone pier\u015bcieniami typu O-ring, zalet\u0105 rozwi\u0105zania jest os\u0142ona, jej stabilna i mocna konstrukcja spe\u0142nia funkcj\u0119 ochronn\u0105 nie dopuszczaj\u0105c do bezpo\u015bredniego kontaktu z elementem wysuwanym innych rzeczy np. wisz\u0105cych ubra\u0144.<\/span><\/span><\/strong><\/p>\t\t\t\t\t\t<\/div>\n\t\t\t\t<\/div>\n\t\t\t\t\t<\/div>\n\t\t<\/div>\n\t\t\t\t\t<\/div>\n\t\t<\/section>\n\t\t\t\t<\/div>\n\t\t","protected":false},"excerpt":{"rendered":"<p>Ekskluzywny trwa\u0142y wieszak na krawaty Produkt wyr\u00f3\u017cnia os\u0142ona z blachy nierdzewnej oraz stalowe lakierowane \u201erami\u0119\u201d wygi\u0119te pod odpowiednimi k\u0105tami s\u0142u\u017cy jako uchwyt [&hellip;]<\/p>\n","protected":false},"author":1,"featured_media":0,"parent":0,"menu_order":0,"comment_status":"closed","ping_status":"closed","template":"elementor_header_footer","meta":{"ngg_post_thumbnail":0,"footnotes":""},"class_list":["post-598","page","type-page","status-publish","hentry"],"_links":{"self":[{"href":"https:\/\/www.ivoprojekt.com\/index.php?rest_route=\/wp\/v2\/pages\/598","targetHints":{"allow":["GET"]}}],"collection":[{"href":"https:\/\/www.ivoprojekt.com\/index.php?rest_route=\/wp\/v2\/pages"}],"about":[{"href":"https:\/\/www.ivoprojekt.com\/index.php?rest_route=\/wp\/v2\/types\/page"}],"author":[{"embeddable":true,"href":"https:\/\/www.ivoprojekt.com\/index.php?rest_route=\/wp\/v2\/users\/1"}],"replies":[{"embeddable":true,"href":"https:\/\/www.ivoprojekt.com\/index.php?rest_route=%2Fwp%2Fv2%2Fcomments&post=598"}],"version-history":[{"count":6,"href":"https:\/\/www.ivoprojekt.com\/index.php?rest_route=\/wp\/v2\/pages\/598\/revisions"}],"predecessor-version":[{"id":1137,"href":"https:\/\/www.ivoprojekt.com\/index.php?rest_route=\/wp\/v2\/pages\/598\/revisions\/1137"}],"wp:attachment":[{"href":"https:\/\/www.ivoprojekt.com\/index.php?rest_route=%2Fwp%2Fv2%2Fmedia&parent=598"}],"curies":[{"name":"wp","href":"https:\/\/api.w.org\/{rel}","templated":true}]}}