{"id":562,"date":"2023-07-06T20:50:25","date_gmt":"2023-07-06T18:50:25","guid":{"rendered":"https:\/\/www.ivoprojekt.com\/?page_id=562"},"modified":"2023-08-06T12:36:16","modified_gmt":"2023-08-06T10:36:16","slug":"sprzedaz-3","status":"publish","type":"page","link":"https:\/\/www.ivoprojekt.com\/?page_id=562","title":{"rendered":"Sprzeda\u017c 3"},"content":{"rendered":"\t\t<div data-elementor-type=\"wp-page\" data-elementor-id=\"562\" class=\"elementor elementor-562\">\n\t\t\t\t\t\t<section class=\"elementor-section elementor-top-section elementor-element elementor-element-2690cdd elementor-section-boxed elementor-section-height-default elementor-section-height-default\" data-id=\"2690cdd\" data-element_type=\"section\">\n\t\t\t\t\t\t<div class=\"elementor-container elementor-column-gap-default\">\n\t\t\t\t\t<div class=\"elementor-column elementor-col-100 elementor-top-column elementor-element elementor-element-9eb73ba\" data-id=\"9eb73ba\" data-element_type=\"column\">\n\t\t\t<div class=\"elementor-widget-wrap elementor-element-populated\">\n\t\t\t\t\t\t<div class=\"elementor-element elementor-element-0cd29a6 elementor-widget elementor-widget-image\" data-id=\"0cd29a6\" data-element_type=\"widget\" data-widget_type=\"image.default\">\n\t\t\t\t<div class=\"elementor-widget-container\">\n\t\t\t<style>\/*! elementor - v3.22.0 - 26-06-2024 *\/\n.elementor-widget-image{text-align:center}.elementor-widget-image a{display:inline-block}.elementor-widget-image a img[src$=\".svg\"]{width:48px}.elementor-widget-image img{vertical-align:middle;display:inline-block}<\/style>\t\t\t\t\t\t\t\t\t\t<img fetchpriority=\"high\" decoding=\"async\" width=\"1536\" height=\"1013\" src=\"https:\/\/www.ivoprojekt.com\/wp-content\/uploads\/2023\/07\/1k-3-1536x1013.jpg\" class=\"attachment-1536x1536 size-1536x1536 wp-image-565\" alt=\"\" srcset=\"https:\/\/www.ivoprojekt.com\/wp-content\/uploads\/2023\/07\/1k-3-1536x1013.jpg 1536w, https:\/\/www.ivoprojekt.com\/wp-content\/uploads\/2023\/07\/1k-3-300x198.jpg 300w, https:\/\/www.ivoprojekt.com\/wp-content\/uploads\/2023\/07\/1k-3-1024x676.jpg 1024w, https:\/\/www.ivoprojekt.com\/wp-content\/uploads\/2023\/07\/1k-3-768x507.jpg 768w, https:\/\/www.ivoprojekt.com\/wp-content\/uploads\/2023\/07\/1k-3-2048x1351.jpg 2048w, https:\/\/www.ivoprojekt.com\/wp-content\/uploads\/2023\/07\/1k-3-1000x660.jpg 1000w, https:\/\/www.ivoprojekt.com\/wp-content\/uploads\/2023\/07\/1k-3-230x152.jpg 230w, https:\/\/www.ivoprojekt.com\/wp-content\/uploads\/2023\/07\/1k-3-350x231.jpg 350w, https:\/\/www.ivoprojekt.com\/wp-content\/uploads\/2023\/07\/1k-3-480x317.jpg 480w\" sizes=\"(max-width: 1536px) 100vw, 1536px\" \/>\t\t\t\t\t\t\t\t\t\t\t\t\t<\/div>\n\t\t\t\t<\/div>\n\t\t\t\t<div class=\"elementor-element elementor-element-1d1718c elementor-widget elementor-widget-image\" data-id=\"1d1718c\" data-element_type=\"widget\" data-widget_type=\"image.default\">\n\t\t\t\t<div class=\"elementor-widget-container\">\n\t\t\t\t\t\t\t\t\t\t\t\t\t<img decoding=\"async\" width=\"1536\" height=\"1028\" src=\"https:\/\/www.ivoprojekt.com\/wp-content\/uploads\/2023\/07\/2k-3-1536x1028.jpg\" class=\"attachment-1536x1536 size-1536x1536 wp-image-566\" alt=\"\" srcset=\"https:\/\/www.ivoprojekt.com\/wp-content\/uploads\/2023\/07\/2k-3-1536x1028.jpg 1536w, https:\/\/www.ivoprojekt.com\/wp-content\/uploads\/2023\/07\/2k-3-300x201.jpg 300w, https:\/\/www.ivoprojekt.com\/wp-content\/uploads\/2023\/07\/2k-3-1024x685.jpg 1024w, https:\/\/www.ivoprojekt.com\/wp-content\/uploads\/2023\/07\/2k-3-768x514.jpg 768w, https:\/\/www.ivoprojekt.com\/wp-content\/uploads\/2023\/07\/2k-3-2048x1370.jpg 2048w, https:\/\/www.ivoprojekt.com\/wp-content\/uploads\/2023\/07\/2k-3-1000x669.jpg 1000w, https:\/\/www.ivoprojekt.com\/wp-content\/uploads\/2023\/07\/2k-3-230x154.jpg 230w, https:\/\/www.ivoprojekt.com\/wp-content\/uploads\/2023\/07\/2k-3-350x234.jpg 350w, https:\/\/www.ivoprojekt.com\/wp-content\/uploads\/2023\/07\/2k-3-480x321.jpg 480w\" sizes=\"(max-width: 1536px) 100vw, 1536px\" \/>\t\t\t\t\t\t\t\t\t\t\t\t\t<\/div>\n\t\t\t\t<\/div>\n\t\t\t\t<div class=\"elementor-element elementor-element-29ec264 elementor-widget elementor-widget-image\" data-id=\"29ec264\" data-element_type=\"widget\" data-widget_type=\"image.default\">\n\t\t\t\t<div class=\"elementor-widget-container\">\n\t\t\t\t\t\t\t\t\t\t\t\t\t<img decoding=\"async\" width=\"1536\" height=\"1028\" src=\"https:\/\/www.ivoprojekt.com\/wp-content\/uploads\/2023\/07\/3k-4-1536x1028.jpg\" class=\"attachment-1536x1536 size-1536x1536 wp-image-567\" alt=\"\" srcset=\"https:\/\/www.ivoprojekt.com\/wp-content\/uploads\/2023\/07\/3k-4-1536x1028.jpg 1536w, https:\/\/www.ivoprojekt.com\/wp-content\/uploads\/2023\/07\/3k-4-300x201.jpg 300w, https:\/\/www.ivoprojekt.com\/wp-content\/uploads\/2023\/07\/3k-4-1024x685.jpg 1024w, https:\/\/www.ivoprojekt.com\/wp-content\/uploads\/2023\/07\/3k-4-768x514.jpg 768w, https:\/\/www.ivoprojekt.com\/wp-content\/uploads\/2023\/07\/3k-4-2048x1370.jpg 2048w, https:\/\/www.ivoprojekt.com\/wp-content\/uploads\/2023\/07\/3k-4-1000x669.jpg 1000w, https:\/\/www.ivoprojekt.com\/wp-content\/uploads\/2023\/07\/3k-4-230x154.jpg 230w, https:\/\/www.ivoprojekt.com\/wp-content\/uploads\/2023\/07\/3k-4-350x234.jpg 350w, https:\/\/www.ivoprojekt.com\/wp-content\/uploads\/2023\/07\/3k-4-480x321.jpg 480w\" sizes=\"(max-width: 1536px) 100vw, 1536px\" \/>\t\t\t\t\t\t\t\t\t\t\t\t\t<\/div>\n\t\t\t\t<\/div>\n\t\t\t\t<div class=\"elementor-element elementor-element-913e9d8 elementor-widget elementor-widget-image\" data-id=\"913e9d8\" data-element_type=\"widget\" data-widget_type=\"image.default\">\n\t\t\t\t<div class=\"elementor-widget-container\">\n\t\t\t\t\t\t\t\t\t\t\t\t\t<img loading=\"lazy\" decoding=\"async\" width=\"1536\" height=\"1028\" src=\"https:\/\/www.ivoprojekt.com\/wp-content\/uploads\/2023\/07\/4k-2-1536x1028.jpg\" class=\"attachment-1536x1536 size-1536x1536 wp-image-568\" alt=\"\" srcset=\"https:\/\/www.ivoprojekt.com\/wp-content\/uploads\/2023\/07\/4k-2-1536x1028.jpg 1536w, https:\/\/www.ivoprojekt.com\/wp-content\/uploads\/2023\/07\/4k-2-300x201.jpg 300w, https:\/\/www.ivoprojekt.com\/wp-content\/uploads\/2023\/07\/4k-2-1024x685.jpg 1024w, https:\/\/www.ivoprojekt.com\/wp-content\/uploads\/2023\/07\/4k-2-768x514.jpg 768w, https:\/\/www.ivoprojekt.com\/wp-content\/uploads\/2023\/07\/4k-2-2048x1370.jpg 2048w, https:\/\/www.ivoprojekt.com\/wp-content\/uploads\/2023\/07\/4k-2-1000x669.jpg 1000w, https:\/\/www.ivoprojekt.com\/wp-content\/uploads\/2023\/07\/4k-2-230x154.jpg 230w, https:\/\/www.ivoprojekt.com\/wp-content\/uploads\/2023\/07\/4k-2-350x234.jpg 350w, https:\/\/www.ivoprojekt.com\/wp-content\/uploads\/2023\/07\/4k-2-480x321.jpg 480w\" sizes=\"(max-width: 1536px) 100vw, 1536px\" \/>\t\t\t\t\t\t\t\t\t\t\t\t\t<\/div>\n\t\t\t\t<\/div>\n\t\t\t\t<div class=\"elementor-element elementor-element-962a3eb elementor-widget elementor-widget-image\" data-id=\"962a3eb\" data-element_type=\"widget\" data-widget_type=\"image.default\">\n\t\t\t\t<div class=\"elementor-widget-container\">\n\t\t\t\t\t\t\t\t\t\t\t\t\t<img loading=\"lazy\" decoding=\"async\" width=\"1536\" height=\"828\" src=\"https:\/\/www.ivoprojekt.com\/wp-content\/uploads\/2023\/07\/5k-1536x828.jpg\" class=\"attachment-1536x1536 size-1536x1536 wp-image-569\" alt=\"\" srcset=\"https:\/\/www.ivoprojekt.com\/wp-content\/uploads\/2023\/07\/5k-1536x828.jpg 1536w, https:\/\/www.ivoprojekt.com\/wp-content\/uploads\/2023\/07\/5k-300x162.jpg 300w, https:\/\/www.ivoprojekt.com\/wp-content\/uploads\/2023\/07\/5k-1024x552.jpg 1024w, https:\/\/www.ivoprojekt.com\/wp-content\/uploads\/2023\/07\/5k-768x414.jpg 768w, https:\/\/www.ivoprojekt.com\/wp-content\/uploads\/2023\/07\/5k-2048x1104.jpg 2048w, https:\/\/www.ivoprojekt.com\/wp-content\/uploads\/2023\/07\/5k-1000x539.jpg 1000w, https:\/\/www.ivoprojekt.com\/wp-content\/uploads\/2023\/07\/5k-230x124.jpg 230w, https:\/\/www.ivoprojekt.com\/wp-content\/uploads\/2023\/07\/5k-350x189.jpg 350w, https:\/\/www.ivoprojekt.com\/wp-content\/uploads\/2023\/07\/5k-480x259.jpg 480w\" sizes=\"(max-width: 1536px) 100vw, 1536px\" \/>\t\t\t\t\t\t\t\t\t\t\t\t\t<\/div>\n\t\t\t\t<\/div>\n\t\t\t\t\t<\/div>\n\t\t<\/div>\n\t\t\t\t\t<\/div>\n\t\t<\/section>\n\t\t\t\t<section class=\"elementor-section elementor-top-section elementor-element elementor-element-40a3642 elementor-section-boxed elementor-section-height-default elementor-section-height-default\" data-id=\"40a3642\" data-element_type=\"section\">\n\t\t\t\t\t\t<div class=\"elementor-container elementor-column-gap-default\">\n\t\t\t\t\t<div class=\"elementor-column elementor-col-100 elementor-top-column elementor-element elementor-element-b01c207\" data-id=\"b01c207\" data-element_type=\"column\">\n\t\t\t<div class=\"elementor-widget-wrap elementor-element-populated\">\n\t\t\t\t\t\t<div class=\"elementor-element elementor-element-61d3725 elementor-widget elementor-widget-text-editor\" data-id=\"61d3725\" data-element_type=\"widget\" data-widget_type=\"text-editor.default\">\n\t\t\t\t<div class=\"elementor-widget-container\">\n\t\t\t<style>\/*! elementor - v3.22.0 - 26-06-2024 *\/\n.elementor-widget-text-editor.elementor-drop-cap-view-stacked .elementor-drop-cap{background-color:#69727d;color:#fff}.elementor-widget-text-editor.elementor-drop-cap-view-framed .elementor-drop-cap{color:#69727d;border:3px solid;background-color:transparent}.elementor-widget-text-editor:not(.elementor-drop-cap-view-default) .elementor-drop-cap{margin-top:8px}.elementor-widget-text-editor:not(.elementor-drop-cap-view-default) .elementor-drop-cap-letter{width:1em;height:1em}.elementor-widget-text-editor .elementor-drop-cap{float:left;text-align:center;line-height:1;font-size:50px}.elementor-widget-text-editor .elementor-drop-cap-letter{display:inline-block}<\/style>\t\t\t\t<p><strong><a href=\"https:\/\/www.ebay.de\/itm\/363533285895?hash=item54a445ba07:g:bRkAAOSw~cthNjPf&amp;amdata=enc%3AAQAIAAAA8CizNwHLRDE3t27Y4KYRIrTBOoaVFF%2FFl%2B%2FJHXe5c%2F4Cl9hT9YVTsVYmRIv%2BiML%2FFEWw7OziBh1PgKWjaLg1Stem36nv7f7tAhXW%2BvUV0y%2BJ2HgsHW%2FcpIBC%2FkwZLaVg5j%2FCDjsFTeKqy5qePgOgDhjRM6%2BKWt3oqWSsgjFEdmvUmpv68Mz65r6GJWa8xem42xkLFZgZ5jvy1CzZp4CqM2nt9LxRW6V8ZfiHTtT5UCaTUoSrelHPoZr2kK2E4GKSgs4S7EfOzxpzgDqofUbs4CWVxmkN%2By9p1p6POYX1eOFyhWq48LFNyz3WF00lBQMSHw%3D%3D%7Ctkp%3ABk9SR7Cy2cCeYg\">https:\/\/www.ebay.de\/itm\/363533285895<\/a><\/strong><\/p><p><strong><span style=\"font-family: Arial;\"><span style=\"font-size: large;\"><span style=\"color: #000000;\">Na sprzeda\u017c prawa do zarejestrowanego wsp\u00f3lnotowego wzoru przemys\u0142owego.<\/span> <\/span><\/span><\/strong><\/p><p><strong><span style=\"font-family: Arial;\"><span style=\"font-size: large;\"><span style=\"color: #000000;\">Ekskluzywny trwa\u0142y wieszak na krawaty:<\/span> <\/span><\/span><\/strong><\/p><p><strong><span style=\"font-family: Arial;\"><span style=\"font-size: large;\">Produkt wyr\u00f3\u017cnia os\u0142ona z blachy nierdzewnej oraz stalowe lakierowane \u201erami\u0119\u201d wygi\u0119te pod odpowiednimi k\u0105tami s\u0142u\u017cy jako uchwyt cz\u0119\u015bci ruchomej na kt\u00f3rej zosta\u0142y zamontowane stalowe nierdzewne trzpienie zako\u0144czone pier\u015bcieniami typu O-ring, zalet\u0105 rozwi\u0105zania jest os\u0142ona, jej stabilna i mocna konstrukcja spe\u0142nia funkcj\u0119 ochronn\u0105 nie dopuszczaj\u0105c do bezpo\u015bredniego kontaktu z elementem wysuwanym innych rzeczy np. wisz\u0105cych ubra\u0144.<\/span><\/span><\/strong><\/p><p><strong><span style=\"font-family: Arial;\"><span style=\"font-size: large;\">Exklusiver Krawattenhalter: <\/span><\/span><\/strong><\/p><p><strong><span style=\"font-family: Arial;\"><span style=\"font-size: large;\">Ich verkaufe die Rechte an einem eingetragenen Gebrauchsmuster Geschmacksmuster; EU<\/span><\/span> <em><span style=\"color: #000000;\"><span style=\"font-family: Arial;\"><span style=\"font-size: large;\">gesch\u00fctzt.<\/span><\/span><\/span><\/em><\/strong><\/p><p><strong><span style=\"font-family: Arial;\"><span style=\"font-size: large;\">Das Produkt zeichnet sich durch eine Abschirmung aus Edelstahl und einen stahllackierten ausziehbares Teil, der in entsprechenden Winkeln gebogen ist. <\/span><\/span><\/strong><\/p><p><strong><span style=\"font-family: Arial;\"><span style=\"font-size: large;\">Es dient als Griff des beweglichen Teils, auf dem Edelstahlspitzen montiert sind. Der Vorteil der L\u00f6sung besteht darin, dass die Abdeckung eine stabile und starke Konstruktion hat, die keine Schutzfunktion erlaubt f\u00fcr den direkten Kontakt mit dem Ausziehelement von anderen Dingen, beispielsweise h\u00e4ngenden Kleidungsst\u00fccken<\/span><\/span><\/strong><\/p><p><strong><span style=\"font-family: Arial;\"><span style=\"font-size: large;\"><span style=\"font-family: Arial, sans-serif;\">For sale the rights to a registered Community industrial design.<\/span> <\/span><\/span><\/strong><\/p><p><strong><span style=\"font-family: Arial;\"><span style=\"font-size: large;\">Exclusive durable ties hanger:<\/span><\/span><\/strong><\/p><p><strong><span style=\"font-family: Arial;\"><span style=\"font-size: large;\">I sell the rights to a registered Community industrial design. EU protected <\/span><\/span><\/strong><\/p><p><strong><span style=\"font-family: Arial;\"><span style=\"font-size: large;\">The product is distinguished by a shield made of stainless steel and a steel varnished &#8222;wing&#8221; bent at appropriate angles. It serves as a handle of the movable part on which stainless steel spikes are mounted, the advantage of the solution is the cover, its stable and strong construction has a protective function not allowing for direct contact with the pull-out element of other things, e.g. hanging clothes.<\/span><\/span><\/strong><\/p><p><strong><span style=\"color: #000000;\">Pomys\u0142 i wykonanie Ivo Projekt<\/span><\/strong><\/p><p><strong>Mo\u017cliwo\u015b\u0107 prezentacji &#8211; <\/strong><a href=\"https:\/\/www.ivoprojekt.com\/?page_id=50\"><strong><span style=\"color: #ff0066;\">kontakt<\/span><\/strong><\/a><\/p><p><strong><span style=\"font-family: Arial;\"><span style=\"font-size: large;\">\u00a0<\/span><\/span><\/strong><\/p><p><strong><span style=\"font-family: Arial;\"><span style=\"font-size: large;\">\u00a0<\/span><\/span><\/strong><\/p>\t\t\t\t\t\t<\/div>\n\t\t\t\t<\/div>\n\t\t\t\t\t<\/div>\n\t\t<\/div>\n\t\t\t\t\t<\/div>\n\t\t<\/section>\n\t\t\t\t<\/div>\n\t\t","protected":false},"excerpt":{"rendered":"<p>https:\/\/www.ebay.de\/itm\/363533285895 Na sprzeda\u017c prawa do zarejestrowanego wsp\u00f3lnotowego wzoru przemys\u0142owego. Ekskluzywny trwa\u0142y wieszak na krawaty: Produkt wyr\u00f3\u017cnia os\u0142ona z blachy nierdzewnej oraz stalowe [&hellip;]<\/p>\n","protected":false},"author":1,"featured_media":0,"parent":492,"menu_order":3,"comment_status":"closed","ping_status":"closed","template":"elementor_header_footer","meta":{"ngg_post_thumbnail":0,"footnotes":""},"class_list":["post-562","page","type-page","status-publish","hentry"],"_links":{"self":[{"href":"https:\/\/www.ivoprojekt.com\/index.php?rest_route=\/wp\/v2\/pages\/562","targetHints":{"allow":["GET"]}}],"collection":[{"href":"https:\/\/www.ivoprojekt.com\/index.php?rest_route=\/wp\/v2\/pages"}],"about":[{"href":"https:\/\/www.ivoprojekt.com\/index.php?rest_route=\/wp\/v2\/types\/page"}],"author":[{"embeddable":true,"href":"https:\/\/www.ivoprojekt.com\/index.php?rest_route=\/wp\/v2\/users\/1"}],"replies":[{"embeddable":true,"href":"https:\/\/www.ivoprojekt.com\/index.php?rest_route=%2Fwp%2Fv2%2Fcomments&post=562"}],"version-history":[{"count":12,"href":"https:\/\/www.ivoprojekt.com\/index.php?rest_route=\/wp\/v2\/pages\/562\/revisions"}],"predecessor-version":[{"id":1155,"href":"https:\/\/www.ivoprojekt.com\/index.php?rest_route=\/wp\/v2\/pages\/562\/revisions\/1155"}],"up":[{"embeddable":true,"href":"https:\/\/www.ivoprojekt.com\/index.php?rest_route=\/wp\/v2\/pages\/492"}],"wp:attachment":[{"href":"https:\/\/www.ivoprojekt.com\/index.php?rest_route=%2Fwp%2Fv2%2Fmedia&parent=562"}],"curies":[{"name":"wp","href":"https:\/\/api.w.org\/{rel}","templated":true}]}}