{"id":543,"date":"2023-07-06T20:23:39","date_gmt":"2023-07-06T18:23:39","guid":{"rendered":"https:\/\/www.ivoprojekt.com\/?page_id=543"},"modified":"2023-08-06T12:34:28","modified_gmt":"2023-08-06T10:34:28","slug":"sprzedaz-2","status":"publish","type":"page","link":"https:\/\/www.ivoprojekt.com\/?page_id=543","title":{"rendered":"Sprzeda\u017c 2"},"content":{"rendered":"\t\t<div data-elementor-type=\"wp-page\" data-elementor-id=\"543\" class=\"elementor elementor-543\">\n\t\t\t\t\t\t<section class=\"elementor-section elementor-top-section elementor-element elementor-element-18bdb11 elementor-section-boxed elementor-section-height-default elementor-section-height-default\" data-id=\"18bdb11\" data-element_type=\"section\">\n\t\t\t\t\t\t<div class=\"elementor-container elementor-column-gap-default\">\n\t\t\t\t\t<div class=\"elementor-column elementor-col-100 elementor-top-column elementor-element elementor-element-b6f4914\" data-id=\"b6f4914\" data-element_type=\"column\">\n\t\t\t<div class=\"elementor-widget-wrap elementor-element-populated\">\n\t\t\t\t\t\t<div class=\"elementor-element elementor-element-c424039 elementor-widget elementor-widget-image\" data-id=\"c424039\" data-element_type=\"widget\" data-widget_type=\"image.default\">\n\t\t\t\t<div class=\"elementor-widget-container\">\n\t\t\t<style>\/*! elementor - v3.22.0 - 26-06-2024 *\/\n.elementor-widget-image{text-align:center}.elementor-widget-image a{display:inline-block}.elementor-widget-image a img[src$=\".svg\"]{width:48px}.elementor-widget-image img{vertical-align:middle;display:inline-block}<\/style>\t\t\t\t\t\t\t\t\t\t<img fetchpriority=\"high\" decoding=\"async\" width=\"1536\" height=\"778\" src=\"https:\/\/www.ivoprojekt.com\/wp-content\/uploads\/2023\/07\/1k-2-1536x778.jpg\" class=\"attachment-1536x1536 size-1536x1536 wp-image-547\" alt=\"\" srcset=\"https:\/\/www.ivoprojekt.com\/wp-content\/uploads\/2023\/07\/1k-2-1536x778.jpg 1536w, https:\/\/www.ivoprojekt.com\/wp-content\/uploads\/2023\/07\/1k-2-300x152.jpg 300w, https:\/\/www.ivoprojekt.com\/wp-content\/uploads\/2023\/07\/1k-2-1024x518.jpg 1024w, https:\/\/www.ivoprojekt.com\/wp-content\/uploads\/2023\/07\/1k-2-768x389.jpg 768w, https:\/\/www.ivoprojekt.com\/wp-content\/uploads\/2023\/07\/1k-2-2048x1037.jpg 2048w, https:\/\/www.ivoprojekt.com\/wp-content\/uploads\/2023\/07\/1k-2-1000x506.jpg 1000w, https:\/\/www.ivoprojekt.com\/wp-content\/uploads\/2023\/07\/1k-2-230x116.jpg 230w, https:\/\/www.ivoprojekt.com\/wp-content\/uploads\/2023\/07\/1k-2-350x177.jpg 350w, https:\/\/www.ivoprojekt.com\/wp-content\/uploads\/2023\/07\/1k-2-480x243.jpg 480w\" sizes=\"(max-width: 1536px) 100vw, 1536px\" \/>\t\t\t\t\t\t\t\t\t\t\t\t\t<\/div>\n\t\t\t\t<\/div>\n\t\t\t\t<div class=\"elementor-element elementor-element-6e13d8f elementor-widget elementor-widget-image\" data-id=\"6e13d8f\" data-element_type=\"widget\" data-widget_type=\"image.default\">\n\t\t\t\t<div class=\"elementor-widget-container\">\n\t\t\t\t\t\t\t\t\t\t\t\t\t<img decoding=\"async\" width=\"1536\" height=\"830\" src=\"https:\/\/www.ivoprojekt.com\/wp-content\/uploads\/2023\/07\/2k-2-1536x830.jpg\" class=\"attachment-1536x1536 size-1536x1536 wp-image-549\" alt=\"\" srcset=\"https:\/\/www.ivoprojekt.com\/wp-content\/uploads\/2023\/07\/2k-2-1536x830.jpg 1536w, https:\/\/www.ivoprojekt.com\/wp-content\/uploads\/2023\/07\/2k-2-300x162.jpg 300w, https:\/\/www.ivoprojekt.com\/wp-content\/uploads\/2023\/07\/2k-2-1024x554.jpg 1024w, https:\/\/www.ivoprojekt.com\/wp-content\/uploads\/2023\/07\/2k-2-768x415.jpg 768w, https:\/\/www.ivoprojekt.com\/wp-content\/uploads\/2023\/07\/2k-2-2048x1107.jpg 2048w, https:\/\/www.ivoprojekt.com\/wp-content\/uploads\/2023\/07\/2k-2-1000x541.jpg 1000w, https:\/\/www.ivoprojekt.com\/wp-content\/uploads\/2023\/07\/2k-2-230x124.jpg 230w, https:\/\/www.ivoprojekt.com\/wp-content\/uploads\/2023\/07\/2k-2-350x189.jpg 350w, https:\/\/www.ivoprojekt.com\/wp-content\/uploads\/2023\/07\/2k-2-480x260.jpg 480w\" sizes=\"(max-width: 1536px) 100vw, 1536px\" \/>\t\t\t\t\t\t\t\t\t\t\t\t\t<\/div>\n\t\t\t\t<\/div>\n\t\t\t\t<div class=\"elementor-element elementor-element-ad6047a elementor-widget elementor-widget-image\" data-id=\"ad6047a\" data-element_type=\"widget\" data-widget_type=\"image.default\">\n\t\t\t\t<div class=\"elementor-widget-container\">\n\t\t\t\t\t\t\t\t\t\t\t\t\t<img decoding=\"async\" width=\"1536\" height=\"840\" src=\"https:\/\/www.ivoprojekt.com\/wp-content\/uploads\/2023\/07\/3ww-1536x840.jpg\" class=\"attachment-1536x1536 size-1536x1536 wp-image-860\" alt=\"\" srcset=\"https:\/\/www.ivoprojekt.com\/wp-content\/uploads\/2023\/07\/3ww-1536x840.jpg 1536w, https:\/\/www.ivoprojekt.com\/wp-content\/uploads\/2023\/07\/3ww-300x164.jpg 300w, https:\/\/www.ivoprojekt.com\/wp-content\/uploads\/2023\/07\/3ww-1024x560.jpg 1024w, https:\/\/www.ivoprojekt.com\/wp-content\/uploads\/2023\/07\/3ww-768x420.jpg 768w, https:\/\/www.ivoprojekt.com\/wp-content\/uploads\/2023\/07\/3ww-2048x1120.jpg 2048w, https:\/\/www.ivoprojekt.com\/wp-content\/uploads\/2023\/07\/3ww-1000x547.jpg 1000w, https:\/\/www.ivoprojekt.com\/wp-content\/uploads\/2023\/07\/3ww-230x126.jpg 230w, https:\/\/www.ivoprojekt.com\/wp-content\/uploads\/2023\/07\/3ww-350x191.jpg 350w, https:\/\/www.ivoprojekt.com\/wp-content\/uploads\/2023\/07\/3ww-480x262.jpg 480w\" sizes=\"(max-width: 1536px) 100vw, 1536px\" \/>\t\t\t\t\t\t\t\t\t\t\t\t\t<\/div>\n\t\t\t\t<\/div>\n\t\t\t\t<div class=\"elementor-element elementor-element-d3e6b20 elementor-widget elementor-widget-image\" data-id=\"d3e6b20\" data-element_type=\"widget\" data-widget_type=\"image.default\">\n\t\t\t\t<div class=\"elementor-widget-container\">\n\t\t\t\t\t\t\t\t\t\t\t\t\t<img loading=\"lazy\" decoding=\"async\" width=\"1536\" height=\"840\" src=\"https:\/\/www.ivoprojekt.com\/wp-content\/uploads\/2023\/07\/4ww-1536x840.jpg\" class=\"attachment-1536x1536 size-1536x1536 wp-image-861\" alt=\"\" srcset=\"https:\/\/www.ivoprojekt.com\/wp-content\/uploads\/2023\/07\/4ww-1536x840.jpg 1536w, https:\/\/www.ivoprojekt.com\/wp-content\/uploads\/2023\/07\/4ww-300x164.jpg 300w, https:\/\/www.ivoprojekt.com\/wp-content\/uploads\/2023\/07\/4ww-1024x560.jpg 1024w, https:\/\/www.ivoprojekt.com\/wp-content\/uploads\/2023\/07\/4ww-768x420.jpg 768w, https:\/\/www.ivoprojekt.com\/wp-content\/uploads\/2023\/07\/4ww-2048x1120.jpg 2048w, https:\/\/www.ivoprojekt.com\/wp-content\/uploads\/2023\/07\/4ww-1000x547.jpg 1000w, https:\/\/www.ivoprojekt.com\/wp-content\/uploads\/2023\/07\/4ww-230x126.jpg 230w, https:\/\/www.ivoprojekt.com\/wp-content\/uploads\/2023\/07\/4ww-350x191.jpg 350w, https:\/\/www.ivoprojekt.com\/wp-content\/uploads\/2023\/07\/4ww-480x263.jpg 480w\" sizes=\"(max-width: 1536px) 100vw, 1536px\" \/>\t\t\t\t\t\t\t\t\t\t\t\t\t<\/div>\n\t\t\t\t<\/div>\n\t\t\t\t\t<\/div>\n\t\t<\/div>\n\t\t\t\t\t<\/div>\n\t\t<\/section>\n\t\t\t\t<section class=\"elementor-section elementor-top-section elementor-element elementor-element-cb854c9 elementor-section-boxed elementor-section-height-default elementor-section-height-default\" data-id=\"cb854c9\" data-element_type=\"section\">\n\t\t\t\t\t\t<div class=\"elementor-container elementor-column-gap-default\">\n\t\t\t\t\t<div class=\"elementor-column elementor-col-100 elementor-top-column elementor-element elementor-element-e785cdd\" data-id=\"e785cdd\" data-element_type=\"column\">\n\t\t\t<div class=\"elementor-widget-wrap elementor-element-populated\">\n\t\t\t\t\t\t<div class=\"elementor-element elementor-element-084178d elementor-widget__width-initial elementor-widget elementor-widget-text-editor\" data-id=\"084178d\" data-element_type=\"widget\" data-widget_type=\"text-editor.default\">\n\t\t\t\t<div class=\"elementor-widget-container\">\n\t\t\t<style>\/*! elementor - v3.22.0 - 26-06-2024 *\/\n.elementor-widget-text-editor.elementor-drop-cap-view-stacked .elementor-drop-cap{background-color:#69727d;color:#fff}.elementor-widget-text-editor.elementor-drop-cap-view-framed .elementor-drop-cap{color:#69727d;border:3px solid;background-color:transparent}.elementor-widget-text-editor:not(.elementor-drop-cap-view-default) .elementor-drop-cap{margin-top:8px}.elementor-widget-text-editor:not(.elementor-drop-cap-view-default) .elementor-drop-cap-letter{width:1em;height:1em}.elementor-widget-text-editor .elementor-drop-cap{float:left;text-align:center;line-height:1;font-size:50px}.elementor-widget-text-editor .elementor-drop-cap-letter{display:inline-block}<\/style>\t\t\t\t<p><strong>HIT THE ROAD\u2764\ufe0f<\/strong><\/p><p><strong>Wieszak na ubrania z lustrem i zegarem \/ chromowane wieszaczki<\/strong><\/p><p><strong>Pod\u015bwietlenie boczne<\/strong><\/p><p><strong>Kolor szary platynowy<\/strong><\/p><p><strong>szer. 1000\u00a0<\/strong><\/p><p><strong>wys. 1050\u00a0<\/strong><\/p><p><strong>g\u0142. 60\u00a0<\/strong><\/p><p><strong>cena 1800z\u0142<\/strong><\/p><p><strong>Pomys\u0142 i wykonanie Ivo Projekt<\/strong><\/p><p><strong>Odbi\u00f3r osobisty we Wroc\u0142awiu, mo\u017cliwy transport w granicach miasta<\/strong><\/p><p><strong>Mo\u017cliwo\u015b\u0107 prezentacji &#8211; <a href=\"https:\/\/www.ivoprojekt.com\/?page_id=50\"><span style=\"color: #ff0066;\">kontakt<\/span><\/a><\/strong><\/p>\t\t\t\t\t\t<\/div>\n\t\t\t\t<\/div>\n\t\t\t\t\t<\/div>\n\t\t<\/div>\n\t\t\t\t\t<\/div>\n\t\t<\/section>\n\t\t\t\t<\/div>\n\t\t","protected":false},"excerpt":{"rendered":"<p>HIT THE ROAD\u2764\ufe0f Wieszak na ubrania z lustrem i zegarem \/ chromowane wieszaczki Pod\u015bwietlenie boczne Kolor szary platynowy szer. 1000\u00a0 wys. 1050\u00a0 [&hellip;]<\/p>\n","protected":false},"author":1,"featured_media":0,"parent":492,"menu_order":2,"comment_status":"closed","ping_status":"closed","template":"elementor_header_footer","meta":{"ngg_post_thumbnail":0,"footnotes":""},"class_list":["post-543","page","type-page","status-publish","hentry"],"_links":{"self":[{"href":"https:\/\/www.ivoprojekt.com\/index.php?rest_route=\/wp\/v2\/pages\/543","targetHints":{"allow":["GET"]}}],"collection":[{"href":"https:\/\/www.ivoprojekt.com\/index.php?rest_route=\/wp\/v2\/pages"}],"about":[{"href":"https:\/\/www.ivoprojekt.com\/index.php?rest_route=\/wp\/v2\/types\/page"}],"author":[{"embeddable":true,"href":"https:\/\/www.ivoprojekt.com\/index.php?rest_route=\/wp\/v2\/users\/1"}],"replies":[{"embeddable":true,"href":"https:\/\/www.ivoprojekt.com\/index.php?rest_route=%2Fwp%2Fv2%2Fcomments&post=543"}],"version-history":[{"count":36,"href":"https:\/\/www.ivoprojekt.com\/index.php?rest_route=\/wp\/v2\/pages\/543\/revisions"}],"predecessor-version":[{"id":1152,"href":"https:\/\/www.ivoprojekt.com\/index.php?rest_route=\/wp\/v2\/pages\/543\/revisions\/1152"}],"up":[{"embeddable":true,"href":"https:\/\/www.ivoprojekt.com\/index.php?rest_route=\/wp\/v2\/pages\/492"}],"wp:attachment":[{"href":"https:\/\/www.ivoprojekt.com\/index.php?rest_route=%2Fwp%2Fv2%2Fmedia&parent=543"}],"curies":[{"name":"wp","href":"https:\/\/api.w.org\/{rel}","templated":true}]}}