{"id":1178,"date":"2024-07-05T14:57:52","date_gmt":"2024-07-05T12:57:52","guid":{"rendered":"https:\/\/www.ivoprojekt.com\/?page_id=1178"},"modified":"2024-07-05T15:51:49","modified_gmt":"2024-07-05T13:51:49","slug":"sprzedaz-6","status":"publish","type":"page","link":"https:\/\/www.ivoprojekt.com\/?page_id=1178","title":{"rendered":"Szafka Amalfi"},"content":{"rendered":"\t\t<div data-elementor-type=\"wp-page\" data-elementor-id=\"1178\" class=\"elementor elementor-1178\">\n\t\t\t\t\t\t<section class=\"elementor-section elementor-top-section elementor-element elementor-element-f4b5e49 elementor-section-boxed elementor-section-height-default elementor-section-height-default\" data-id=\"f4b5e49\" data-element_type=\"section\">\n\t\t\t\t\t\t<div class=\"elementor-container elementor-column-gap-default\">\n\t\t\t\t\t<div class=\"elementor-column elementor-col-100 elementor-top-column elementor-element elementor-element-23e33e7\" data-id=\"23e33e7\" data-element_type=\"column\">\n\t\t\t<div class=\"elementor-widget-wrap elementor-element-populated\">\n\t\t\t\t\t\t<div class=\"elementor-element elementor-element-7e0e870 elementor-widget elementor-widget-image\" data-id=\"7e0e870\" data-element_type=\"widget\" data-widget_type=\"image.default\">\n\t\t\t\t<div class=\"elementor-widget-container\">\n\t\t\t<style>\/*! elementor - v3.22.0 - 26-06-2024 *\/\n.elementor-widget-image{text-align:center}.elementor-widget-image a{display:inline-block}.elementor-widget-image a img[src$=\".svg\"]{width:48px}.elementor-widget-image img{vertical-align:middle;display:inline-block}<\/style>\t\t\t\t\t\t\t\t\t\t<img fetchpriority=\"high\" decoding=\"async\" width=\"1024\" height=\"576\" src=\"https:\/\/www.ivoprojekt.com\/wp-content\/uploads\/2024\/07\/1-Almafi-1024x576.jpg\" class=\"attachment-large size-large wp-image-1181\" alt=\"\" srcset=\"https:\/\/www.ivoprojekt.com\/wp-content\/uploads\/2024\/07\/1-Almafi-1024x576.jpg 1024w, https:\/\/www.ivoprojekt.com\/wp-content\/uploads\/2024\/07\/1-Almafi-300x169.jpg 300w, https:\/\/www.ivoprojekt.com\/wp-content\/uploads\/2024\/07\/1-Almafi-768x432.jpg 768w, https:\/\/www.ivoprojekt.com\/wp-content\/uploads\/2024\/07\/1-Almafi-1536x864.jpg 1536w, https:\/\/www.ivoprojekt.com\/wp-content\/uploads\/2024\/07\/1-Almafi-2048x1152.jpg 2048w, https:\/\/www.ivoprojekt.com\/wp-content\/uploads\/2024\/07\/1-Almafi-1000x563.jpg 1000w, https:\/\/www.ivoprojekt.com\/wp-content\/uploads\/2024\/07\/1-Almafi-230x129.jpg 230w, https:\/\/www.ivoprojekt.com\/wp-content\/uploads\/2024\/07\/1-Almafi-350x197.jpg 350w, https:\/\/www.ivoprojekt.com\/wp-content\/uploads\/2024\/07\/1-Almafi-480x270.jpg 480w\" sizes=\"(max-width: 1024px) 100vw, 1024px\" \/>\t\t\t\t\t\t\t\t\t\t\t\t\t<\/div>\n\t\t\t\t<\/div>\n\t\t\t\t\t<\/div>\n\t\t<\/div>\n\t\t\t\t\t<\/div>\n\t\t<\/section>\n\t\t\t\t<section class=\"elementor-section elementor-top-section elementor-element elementor-element-adde273 elementor-section-boxed elementor-section-height-default elementor-section-height-default\" data-id=\"adde273\" data-element_type=\"section\">\n\t\t\t\t\t\t<div class=\"elementor-container elementor-column-gap-default\">\n\t\t\t\t\t<div class=\"elementor-column elementor-col-100 elementor-top-column elementor-element elementor-element-9aab21a\" data-id=\"9aab21a\" data-element_type=\"column\">\n\t\t\t<div class=\"elementor-widget-wrap elementor-element-populated\">\n\t\t\t\t\t\t<div class=\"elementor-element elementor-element-d0e9269 elementor-widget elementor-widget-image\" data-id=\"d0e9269\" data-element_type=\"widget\" data-widget_type=\"image.default\">\n\t\t\t\t<div class=\"elementor-widget-container\">\n\t\t\t\t\t\t\t\t\t\t\t\t\t<img decoding=\"async\" width=\"1024\" height=\"576\" src=\"https:\/\/www.ivoprojekt.com\/wp-content\/uploads\/2024\/07\/2-Almafi-1024x576.jpg\" class=\"attachment-large size-large wp-image-1182\" alt=\"\" srcset=\"https:\/\/www.ivoprojekt.com\/wp-content\/uploads\/2024\/07\/2-Almafi-1024x576.jpg 1024w, https:\/\/www.ivoprojekt.com\/wp-content\/uploads\/2024\/07\/2-Almafi-300x169.jpg 300w, https:\/\/www.ivoprojekt.com\/wp-content\/uploads\/2024\/07\/2-Almafi-768x432.jpg 768w, https:\/\/www.ivoprojekt.com\/wp-content\/uploads\/2024\/07\/2-Almafi-1536x864.jpg 1536w, https:\/\/www.ivoprojekt.com\/wp-content\/uploads\/2024\/07\/2-Almafi-2048x1152.jpg 2048w, https:\/\/www.ivoprojekt.com\/wp-content\/uploads\/2024\/07\/2-Almafi-1000x563.jpg 1000w, https:\/\/www.ivoprojekt.com\/wp-content\/uploads\/2024\/07\/2-Almafi-230x129.jpg 230w, https:\/\/www.ivoprojekt.com\/wp-content\/uploads\/2024\/07\/2-Almafi-350x197.jpg 350w, https:\/\/www.ivoprojekt.com\/wp-content\/uploads\/2024\/07\/2-Almafi-480x270.jpg 480w\" sizes=\"(max-width: 1024px) 100vw, 1024px\" \/>\t\t\t\t\t\t\t\t\t\t\t\t\t<\/div>\n\t\t\t\t<\/div>\n\t\t\t\t\t<\/div>\n\t\t<\/div>\n\t\t\t\t\t<\/div>\n\t\t<\/section>\n\t\t\t\t<section class=\"elementor-section elementor-top-section elementor-element elementor-element-f1cdf28 elementor-section-boxed elementor-section-height-default elementor-section-height-default\" data-id=\"f1cdf28\" data-element_type=\"section\">\n\t\t\t\t\t\t<div class=\"elementor-container elementor-column-gap-default\">\n\t\t\t\t\t<div class=\"elementor-column elementor-col-100 elementor-top-column elementor-element elementor-element-94497bb\" data-id=\"94497bb\" data-element_type=\"column\">\n\t\t\t<div class=\"elementor-widget-wrap elementor-element-populated\">\n\t\t\t\t\t\t<div class=\"elementor-element elementor-element-dbc47c5 elementor-widget elementor-widget-text-editor\" data-id=\"dbc47c5\" data-element_type=\"widget\" data-widget_type=\"text-editor.default\">\n\t\t\t\t<div class=\"elementor-widget-container\">\n\t\t\t<style>\/*! elementor - v3.22.0 - 26-06-2024 *\/\n.elementor-widget-text-editor.elementor-drop-cap-view-stacked .elementor-drop-cap{background-color:#69727d;color:#fff}.elementor-widget-text-editor.elementor-drop-cap-view-framed .elementor-drop-cap{color:#69727d;border:3px solid;background-color:transparent}.elementor-widget-text-editor:not(.elementor-drop-cap-view-default) .elementor-drop-cap{margin-top:8px}.elementor-widget-text-editor:not(.elementor-drop-cap-view-default) .elementor-drop-cap-letter{width:1em;height:1em}.elementor-widget-text-editor .elementor-drop-cap{float:left;text-align:center;line-height:1;font-size:50px}.elementor-widget-text-editor .elementor-drop-cap-letter{display:inline-block}<\/style>\t\t\t\t<p><strong>Szafka <\/strong><strong><span lang=\"pl-PL\">Amalfi<\/span><\/strong><\/p><p><br \/><br \/><\/p><p><strong>AMALFI<\/strong><strong><span lang=\"pl-PL\"> &#8211; <\/span><\/strong><strong>efektowna szafka \u015bcienna<\/strong><\/p><p><strong><span lang=\"pl-PL\">Widok wybrze\u017ca Amalfi <\/span><\/strong><strong>na froncie szafki z pewno\u015bci\u0105 przyci\u0105gnie wzrok, ozdobi wn\u0119trze i przywo\u0142a mi\u0142e wspomnienia.<\/strong><\/p><p><strong>Szafka sprawdzi si\u0119 w salonie, pokoju, gabinecie, biurze czy hotelu, dodaj\u0105c elegancji i stylu ka\u017cdemu pomieszczeniu.<\/strong><\/p><p><strong>Uniwersalne wn\u0119trze pomie\u015bci bielizn\u0119, ksi\u0105\u017cki, segregatory oraz inne drobiazgi zapewniaj\u0105c porz\u0105dek i organizacj\u0119.<\/strong><\/p><p><strong>Korpus wykonany z p\u0142yty meblowej.<\/strong><\/p><p><strong>Front z wydrukiem na p\u0142\u00f3tnie canvas w stabilnej lakierowanej ramce aluminiowej dodaje nowoczesnego charakteru.<\/strong><\/p><p><strong>Wn\u0119trze pod\u015bwietlane automatycznie \u015bwiat\u0142em LED po otwarciu drzwi, co zwi\u0119ksza funkcjonalno\u015b\u0107 i komfort u\u017cytkowania. <\/strong><\/p><p><strong>Niezawodne okucia firmy BLUM zapewniaj\u0105 p\u0142ynne i ciche otwieranie oraz zamykanie drzwi.<\/strong><\/p><p><strong>Mebel gotowy do zawieszenia &#8211; szybki i prosty monta\u017c.<\/strong><\/p><p><br \/><br \/><\/p><p><strong>wymiary:<\/strong><\/p><p><strong>szer 1224 mm<\/strong><\/p><p><strong>wys 422 mm<\/strong><\/p><p><strong>g\u0142 405 mm<\/strong><\/p><p><strong>wn\u0119trze:<\/strong><\/p><p><strong>szer 505mm x 2<\/strong><\/p><p><strong>wys 384mm<\/strong><\/p><p><strong>g\u0142 352mm<\/strong><\/p><p><strong>cena 1600z\u0142<\/strong><\/p><p><br \/><br \/><\/p><p><strong>Pomys\u0142 i wykonanie: Ivo projekt<\/strong><\/p><p><strong>Preferowany odbi\u00f3r osobisty we Wroc\u0142awiu \u2013 <\/strong><strong><a href=\"https:\/\/www.ivoprojekt.com\/?page_id=50\"><span style=\"color: #ff0066;\">kontakt<\/span><\/a><\/strong><\/p><p><strong>Ewentualny transport w granicach miasta<\/strong><\/p>\t\t\t\t\t\t<\/div>\n\t\t\t\t<\/div>\n\t\t\t\t\t<\/div>\n\t\t<\/div>\n\t\t\t\t\t<\/div>\n\t\t<\/section>\n\t\t\t\t<\/div>\n\t\t","protected":false},"excerpt":{"rendered":"<p>Szafka Amalfi AMALFI &#8211; efektowna szafka \u015bcienna Widok wybrze\u017ca Amalfi na froncie szafki z pewno\u015bci\u0105 przyci\u0105gnie wzrok, ozdobi wn\u0119trze i przywo\u0142a mi\u0142e [&hellip;]<\/p>\n","protected":false},"author":1,"featured_media":0,"parent":492,"menu_order":6,"comment_status":"closed","ping_status":"closed","template":"elementor_header_footer","meta":{"ngg_post_thumbnail":0,"footnotes":""},"class_list":["post-1178","page","type-page","status-publish","hentry"],"_links":{"self":[{"href":"https:\/\/www.ivoprojekt.com\/index.php?rest_route=\/wp\/v2\/pages\/1178","targetHints":{"allow":["GET"]}}],"collection":[{"href":"https:\/\/www.ivoprojekt.com\/index.php?rest_route=\/wp\/v2\/pages"}],"about":[{"href":"https:\/\/www.ivoprojekt.com\/index.php?rest_route=\/wp\/v2\/types\/page"}],"author":[{"embeddable":true,"href":"https:\/\/www.ivoprojekt.com\/index.php?rest_route=\/wp\/v2\/users\/1"}],"replies":[{"embeddable":true,"href":"https:\/\/www.ivoprojekt.com\/index.php?rest_route=%2Fwp%2Fv2%2Fcomments&post=1178"}],"version-history":[{"count":7,"href":"https:\/\/www.ivoprojekt.com\/index.php?rest_route=\/wp\/v2\/pages\/1178\/revisions"}],"predecessor-version":[{"id":1198,"href":"https:\/\/www.ivoprojekt.com\/index.php?rest_route=\/wp\/v2\/pages\/1178\/revisions\/1198"}],"up":[{"embeddable":true,"href":"https:\/\/www.ivoprojekt.com\/index.php?rest_route=\/wp\/v2\/pages\/492"}],"wp:attachment":[{"href":"https:\/\/www.ivoprojekt.com\/index.php?rest_route=%2Fwp%2Fv2%2Fmedia&parent=1178"}],"curies":[{"name":"wp","href":"https:\/\/api.w.org\/{rel}","templated":true}]}}