{"id":1176,"date":"2024-07-05T14:54:34","date_gmt":"2024-07-05T12:54:34","guid":{"rendered":"https:\/\/www.ivoprojekt.com\/?page_id=1176"},"modified":"2024-07-05T15:26:00","modified_gmt":"2024-07-05T13:26:00","slug":"sprzedaz-5","status":"publish","type":"page","link":"https:\/\/www.ivoprojekt.com\/?page_id=1176","title":{"rendered":"Sprzeda\u017c 5"},"content":{"rendered":"\t\t<div data-elementor-type=\"wp-page\" data-elementor-id=\"1176\" class=\"elementor elementor-1176\">\n\t\t\t\t\t\t<section class=\"elementor-section elementor-top-section elementor-element elementor-element-e33cfa2 elementor-section-boxed elementor-section-height-default elementor-section-height-default\" data-id=\"e33cfa2\" data-element_type=\"section\">\n\t\t\t\t\t\t<div class=\"elementor-container elementor-column-gap-default\">\n\t\t\t\t\t<div class=\"elementor-column elementor-col-100 elementor-top-column elementor-element elementor-element-37ec1aa\" data-id=\"37ec1aa\" data-element_type=\"column\">\n\t\t\t<div class=\"elementor-widget-wrap elementor-element-populated\">\n\t\t\t\t\t\t<div class=\"elementor-element elementor-element-fab5ea2 elementor-widget elementor-widget-image\" data-id=\"fab5ea2\" data-element_type=\"widget\" data-widget_type=\"image.default\">\n\t\t\t\t<div class=\"elementor-widget-container\">\n\t\t\t<style>\/*! elementor - v3.22.0 - 26-06-2024 *\/\n.elementor-widget-image{text-align:center}.elementor-widget-image a{display:inline-block}.elementor-widget-image a img[src$=\".svg\"]{width:48px}.elementor-widget-image img{vertical-align:middle;display:inline-block}<\/style>\t\t\t\t\t\t\t\t\t\t<img fetchpriority=\"high\" decoding=\"async\" width=\"1024\" height=\"576\" src=\"https:\/\/www.ivoprojekt.com\/wp-content\/uploads\/2024\/07\/A-Tatry-1024x576.jpg\" class=\"attachment-large size-large wp-image-1183\" alt=\"\" srcset=\"https:\/\/www.ivoprojekt.com\/wp-content\/uploads\/2024\/07\/A-Tatry-1024x576.jpg 1024w, https:\/\/www.ivoprojekt.com\/wp-content\/uploads\/2024\/07\/A-Tatry-300x169.jpg 300w, https:\/\/www.ivoprojekt.com\/wp-content\/uploads\/2024\/07\/A-Tatry-768x432.jpg 768w, https:\/\/www.ivoprojekt.com\/wp-content\/uploads\/2024\/07\/A-Tatry-1536x864.jpg 1536w, https:\/\/www.ivoprojekt.com\/wp-content\/uploads\/2024\/07\/A-Tatry-2048x1152.jpg 2048w, https:\/\/www.ivoprojekt.com\/wp-content\/uploads\/2024\/07\/A-Tatry-1000x563.jpg 1000w, https:\/\/www.ivoprojekt.com\/wp-content\/uploads\/2024\/07\/A-Tatry-230x129.jpg 230w, https:\/\/www.ivoprojekt.com\/wp-content\/uploads\/2024\/07\/A-Tatry-350x197.jpg 350w, https:\/\/www.ivoprojekt.com\/wp-content\/uploads\/2024\/07\/A-Tatry-480x270.jpg 480w\" sizes=\"(max-width: 1024px) 100vw, 1024px\" \/>\t\t\t\t\t\t\t\t\t\t\t\t\t<\/div>\n\t\t\t\t<\/div>\n\t\t\t\t\t<\/div>\n\t\t<\/div>\n\t\t\t\t\t<\/div>\n\t\t<\/section>\n\t\t\t\t<section class=\"elementor-section elementor-top-section elementor-element elementor-element-9d900df elementor-section-boxed elementor-section-height-default elementor-section-height-default\" data-id=\"9d900df\" data-element_type=\"section\">\n\t\t\t\t\t\t<div class=\"elementor-container elementor-column-gap-default\">\n\t\t\t\t\t<div class=\"elementor-column elementor-col-100 elementor-top-column elementor-element elementor-element-c408490\" data-id=\"c408490\" data-element_type=\"column\">\n\t\t\t<div class=\"elementor-widget-wrap elementor-element-populated\">\n\t\t\t\t\t\t<div class=\"elementor-element elementor-element-0480e35 elementor-widget elementor-widget-image\" data-id=\"0480e35\" data-element_type=\"widget\" data-widget_type=\"image.default\">\n\t\t\t\t<div class=\"elementor-widget-container\">\n\t\t\t\t\t\t\t\t\t\t\t\t\t<img decoding=\"async\" width=\"1024\" height=\"576\" src=\"https:\/\/www.ivoprojekt.com\/wp-content\/uploads\/2024\/07\/B-Tatry-1024x576.jpg\" class=\"attachment-large size-large wp-image-1184\" alt=\"\" srcset=\"https:\/\/www.ivoprojekt.com\/wp-content\/uploads\/2024\/07\/B-Tatry-1024x576.jpg 1024w, https:\/\/www.ivoprojekt.com\/wp-content\/uploads\/2024\/07\/B-Tatry-300x169.jpg 300w, https:\/\/www.ivoprojekt.com\/wp-content\/uploads\/2024\/07\/B-Tatry-768x432.jpg 768w, https:\/\/www.ivoprojekt.com\/wp-content\/uploads\/2024\/07\/B-Tatry-1536x864.jpg 1536w, https:\/\/www.ivoprojekt.com\/wp-content\/uploads\/2024\/07\/B-Tatry-2048x1152.jpg 2048w, https:\/\/www.ivoprojekt.com\/wp-content\/uploads\/2024\/07\/B-Tatry-1000x563.jpg 1000w, https:\/\/www.ivoprojekt.com\/wp-content\/uploads\/2024\/07\/B-Tatry-230x129.jpg 230w, https:\/\/www.ivoprojekt.com\/wp-content\/uploads\/2024\/07\/B-Tatry-350x197.jpg 350w, https:\/\/www.ivoprojekt.com\/wp-content\/uploads\/2024\/07\/B-Tatry-480x270.jpg 480w\" sizes=\"(max-width: 1024px) 100vw, 1024px\" \/>\t\t\t\t\t\t\t\t\t\t\t\t\t<\/div>\n\t\t\t\t<\/div>\n\t\t\t\t\t<\/div>\n\t\t<\/div>\n\t\t\t\t\t<\/div>\n\t\t<\/section>\n\t\t\t\t<section class=\"elementor-section elementor-top-section elementor-element elementor-element-22c9ac2 elementor-section-boxed elementor-section-height-default elementor-section-height-default\" data-id=\"22c9ac2\" data-element_type=\"section\">\n\t\t\t\t\t\t<div class=\"elementor-container elementor-column-gap-default\">\n\t\t\t\t\t<div class=\"elementor-column elementor-col-100 elementor-top-column elementor-element elementor-element-a0f7ec6\" data-id=\"a0f7ec6\" data-element_type=\"column\">\n\t\t\t<div class=\"elementor-widget-wrap elementor-element-populated\">\n\t\t\t\t\t\t<div class=\"elementor-element elementor-element-2da9a31 elementor-widget elementor-widget-text-editor\" data-id=\"2da9a31\" data-element_type=\"widget\" data-widget_type=\"text-editor.default\">\n\t\t\t\t<div class=\"elementor-widget-container\">\n\t\t\t<style>\/*! elementor - v3.22.0 - 26-06-2024 *\/\n.elementor-widget-text-editor.elementor-drop-cap-view-stacked .elementor-drop-cap{background-color:#69727d;color:#fff}.elementor-widget-text-editor.elementor-drop-cap-view-framed .elementor-drop-cap{color:#69727d;border:3px solid;background-color:transparent}.elementor-widget-text-editor:not(.elementor-drop-cap-view-default) .elementor-drop-cap{margin-top:8px}.elementor-widget-text-editor:not(.elementor-drop-cap-view-default) .elementor-drop-cap-letter{width:1em;height:1em}.elementor-widget-text-editor .elementor-drop-cap{float:left;text-align:center;line-height:1;font-size:50px}.elementor-widget-text-editor .elementor-drop-cap-letter{display:inline-block}<\/style>\t\t\t\t<p><strong>Szafka Tatry<\/strong><\/p><p><br \/><br \/><\/p><p><strong>TATRY &#8211; efektowna szafka \u015bcienna<\/strong><\/p><p><strong>Widok Morskiego Oka na froncie szafki z pewno\u015bci\u0105 przyci\u0105gnie wzrok, ozdobi wn\u0119trze i przywo\u0142a mi\u0142e wspomnienia.<\/strong><\/p><p><strong>Szafka sprawdzi si\u0119 w salonie, pokoju, gabinecie, biurze czy hotelu.<\/strong><\/p><p><strong>Uniwersalne wn\u0119trze pomie\u015bci bielizn\u0119, ksi\u0105\u017cki, segregatory. <\/strong><\/p><p><strong>Korpus wykonany z p\u0142yty meblowej.<\/strong><\/p><p><strong>Wydruk na p\u0142\u00f3tnie canvas w stabilnej ramce aluminiowej lakierowanej.<\/strong><\/p><p><strong>Wn\u0119trze pod\u015bwietlane automatycznie \u015bwiat\u0142em LED po otwarciu drzwi.<\/strong><\/p><p><strong>Niezawodne okucia firmy BLUM<\/strong><\/p><p><strong>Mebel gotowy do zawieszenia.<\/strong><\/p><p><br \/><br \/><\/p><p><strong>wymiary:<\/strong><\/p><p><strong>szer 1224 mm<\/strong><\/p><p><strong>wys 422 mm<\/strong><\/p><p><strong>g\u0142 405 mm<\/strong><\/p><p><strong>wn\u0119trze:<\/strong><\/p><p><strong>szer 505mm x 2<\/strong><\/p><p><strong>wys 384mm<\/strong><\/p><p><strong>g\u0142 352mm<\/strong><\/p><p><strong>cena 1600z\u0142<\/strong><\/p><p><br \/><br \/><\/p><p><strong>Pomys\u0142 i wykonanie: Ivo projekt<\/strong><\/p><p><strong>Preferowany odbi\u00f3r osobisty we Wroc\u0142awiu \u2013 <\/strong><strong><a href=\"https:\/\/www.ivoprojekt.com\/?page_id=50\"><span style=\"color: #ff0066;\">kontakt<\/span><\/a><\/strong><\/p><p><strong>Ewentualny transport w granicach miasta<\/strong><\/p><p><br \/><br \/><\/p>\t\t\t\t\t\t<\/div>\n\t\t\t\t<\/div>\n\t\t\t\t\t<\/div>\n\t\t<\/div>\n\t\t\t\t\t<\/div>\n\t\t<\/section>\n\t\t\t\t<\/div>\n\t\t","protected":false},"excerpt":{"rendered":"<p>Szafka Tatry TATRY &#8211; efektowna szafka \u015bcienna Widok Morskiego Oka na froncie szafki z pewno\u015bci\u0105 przyci\u0105gnie wzrok, ozdobi wn\u0119trze i przywo\u0142a mi\u0142e [&hellip;]<\/p>\n","protected":false},"author":1,"featured_media":0,"parent":492,"menu_order":5,"comment_status":"closed","ping_status":"closed","template":"elementor_header_footer","meta":{"ngg_post_thumbnail":0,"footnotes":""},"class_list":["post-1176","page","type-page","status-publish","hentry"],"_links":{"self":[{"href":"https:\/\/www.ivoprojekt.com\/index.php?rest_route=\/wp\/v2\/pages\/1176","targetHints":{"allow":["GET"]}}],"collection":[{"href":"https:\/\/www.ivoprojekt.com\/index.php?rest_route=\/wp\/v2\/pages"}],"about":[{"href":"https:\/\/www.ivoprojekt.com\/index.php?rest_route=\/wp\/v2\/types\/page"}],"author":[{"embeddable":true,"href":"https:\/\/www.ivoprojekt.com\/index.php?rest_route=\/wp\/v2\/users\/1"}],"replies":[{"embeddable":true,"href":"https:\/\/www.ivoprojekt.com\/index.php?rest_route=%2Fwp%2Fv2%2Fcomments&post=1176"}],"version-history":[{"count":8,"href":"https:\/\/www.ivoprojekt.com\/index.php?rest_route=\/wp\/v2\/pages\/1176\/revisions"}],"predecessor-version":[{"id":1191,"href":"https:\/\/www.ivoprojekt.com\/index.php?rest_route=\/wp\/v2\/pages\/1176\/revisions\/1191"}],"up":[{"embeddable":true,"href":"https:\/\/www.ivoprojekt.com\/index.php?rest_route=\/wp\/v2\/pages\/492"}],"wp:attachment":[{"href":"https:\/\/www.ivoprojekt.com\/index.php?rest_route=%2Fwp%2Fv2%2Fmedia&parent=1176"}],"curies":[{"name":"wp","href":"https:\/\/api.w.org\/{rel}","templated":true}]}}